{"id":988504,"date":"2026-03-24T21:34:53","date_gmt":"2026-03-24T21:34:53","guid":{"rendered":"https:\/\/beatodigital.es\/ropa\/?post_type=product&#038;p=988504"},"modified":"2026-03-24T21:35:55","modified_gmt":"2026-03-24T21:35:55","slug":"mono-denim-halter-panuelo","status":"publish","type":"product","link":"https:\/\/beatodigital.es\/ropa\/index.php\/product\/mono-denim-halter-panuelo\/","title":{"rendered":"Mono denim halter pa\u00f1uelo"},"content":{"rendered":"<div class=\"vgblk-rw-wrapper limit-wrapper\">\n<div class=\"margin-top-40\">\n<div class=\"product-description \">\n<pre>Mono tejano de cuello halter ajustable con lazada y escote pico. Pernera ancha tipo balloon con bajo acabado en pu\u00f1o el\u00e1stico. Cintura con trabillas y bolsillos laterales. Detalle de pa\u00f1uelo.<\/pre>\n<\/div>\n<\/div>\n<\/div>\n<p><!-- .vgblk-rw-wrapper --><\/p>\n","protected":false},"excerpt":{"rendered":"<p>Mono tejano de cuello halter ajustable con lazada y escote pico. Pernera ancha tipo balloon con bajo acabado en pu\u00f1o el\u00e1stico. Cintura con trabillas y bolsillos laterales. Detalle de pa\u00f1uelo.<\/p>\n","protected":false},"featured_media":988505,"comment_status":"closed","ping_status":"closed","template":"","meta":[],"product_brand":[],"product_cat":[209],"product_tag":[],"class_list":{"0":"post-988504","1":"product","2":"type-product","3":"status-publish","4":"has-post-thumbnail","6":"product_cat-vestidos","8":"first","9":"instock","10":"shipping-taxable","11":"purchasable","12":"product-type-simple"},"_links":{"self":[{"href":"https:\/\/beatodigital.es\/ropa\/index.php\/wp-json\/wp\/v2\/product\/988504","targetHints":{"allow":["GET"]}}],"collection":[{"href":"https:\/\/beatodigital.es\/ropa\/index.php\/wp-json\/wp\/v2\/product"}],"about":[{"href":"https:\/\/beatodigital.es\/ropa\/index.php\/wp-json\/wp\/v2\/types\/product"}],"replies":[{"embeddable":true,"href":"https:\/\/beatodigital.es\/ropa\/index.php\/wp-json\/wp\/v2\/comments?post=988504"}],"wp:featuredmedia":[{"embeddable":true,"href":"https:\/\/beatodigital.es\/ropa\/index.php\/wp-json\/wp\/v2\/media\/988505"}],"wp:attachment":[{"href":"https:\/\/beatodigital.es\/ropa\/index.php\/wp-json\/wp\/v2\/media?parent=988504"}],"wp:term":[{"taxonomy":"product_brand","embeddable":true,"href":"https:\/\/beatodigital.es\/ropa\/index.php\/wp-json\/wp\/v2\/product_brand?post=988504"},{"taxonomy":"product_cat","embeddable":true,"href":"https:\/\/beatodigital.es\/ropa\/index.php\/wp-json\/wp\/v2\/product_cat?post=988504"},{"taxonomy":"product_tag","embeddable":true,"href":"https:\/\/beatodigital.es\/ropa\/index.php\/wp-json\/wp\/v2\/product_tag?post=988504"}],"curies":[{"name":"wp","href":"https:\/\/api.w.org\/{rel}","templated":true}]}}