{"id":988427,"date":"2026-03-24T19:07:29","date_gmt":"2026-03-24T19:07:29","guid":{"rendered":"https:\/\/beatodigital.es\/ropa\/?post_type=product&#038;p=988427"},"modified":"2026-03-24T21:05:34","modified_gmt":"2026-03-24T21:05:34","slug":"falda-midi-denim-ligero","status":"publish","type":"product","link":"https:\/\/beatodigital.es\/ropa\/index.php\/product\/falda-midi-denim-ligero\/","title":{"rendered":"Falda midi denim ligero"},"content":{"rendered":"<div class=\"vgblk-rw-wrapper limit-wrapper\">Falda midi vaquera. Cintura ancha con cierre de botones met\u00e1licos. Corte holgado. Tejido denim ligero de 100% algod\u00f3n.<\/p>\n<p>COORDINATED GARMENTS | PRENDAS COORDINADAS<br \/>\nComb\u00ednalo con su top a conjunto.<\/p><\/div>\n<p><!-- .vgblk-rw-wrapper --><\/p>\n","protected":false},"excerpt":{"rendered":"<p>Falda midi vaquera. Cintura ancha con cierre de botones met\u00e1licos. Corte holgado. Tejido denim ligero de 100% algod\u00f3n. COORDINATED GARMENTS | PRENDAS COORDINADAS Comb\u00ednalo con su top a conjunto.<\/p>\n","protected":false},"featured_media":988485,"comment_status":"closed","ping_status":"closed","template":"","meta":[],"product_brand":[],"product_cat":[214],"product_tag":[],"class_list":{"0":"post-988427","1":"product","2":"type-product","3":"status-publish","4":"has-post-thumbnail","6":"product_cat-faldas","8":"first","9":"instock","10":"shipping-taxable","11":"purchasable","12":"product-type-simple"},"_links":{"self":[{"href":"https:\/\/beatodigital.es\/ropa\/index.php\/wp-json\/wp\/v2\/product\/988427","targetHints":{"allow":["GET"]}}],"collection":[{"href":"https:\/\/beatodigital.es\/ropa\/index.php\/wp-json\/wp\/v2\/product"}],"about":[{"href":"https:\/\/beatodigital.es\/ropa\/index.php\/wp-json\/wp\/v2\/types\/product"}],"replies":[{"embeddable":true,"href":"https:\/\/beatodigital.es\/ropa\/index.php\/wp-json\/wp\/v2\/comments?post=988427"}],"wp:featuredmedia":[{"embeddable":true,"href":"https:\/\/beatodigital.es\/ropa\/index.php\/wp-json\/wp\/v2\/media\/988485"}],"wp:attachment":[{"href":"https:\/\/beatodigital.es\/ropa\/index.php\/wp-json\/wp\/v2\/media?parent=988427"}],"wp:term":[{"taxonomy":"product_brand","embeddable":true,"href":"https:\/\/beatodigital.es\/ropa\/index.php\/wp-json\/wp\/v2\/product_brand?post=988427"},{"taxonomy":"product_cat","embeddable":true,"href":"https:\/\/beatodigital.es\/ropa\/index.php\/wp-json\/wp\/v2\/product_cat?post=988427"},{"taxonomy":"product_tag","embeddable":true,"href":"https:\/\/beatodigital.es\/ropa\/index.php\/wp-json\/wp\/v2\/product_tag?post=988427"}],"curies":[{"name":"wp","href":"https:\/\/api.w.org\/{rel}","templated":true}]}}