{"id":736,"date":"2023-12-29T09:27:18","date_gmt":"2023-12-29T09:27:18","guid":{"rendered":"https:\/\/innovecouture.vamtam.com\/?page_id=736"},"modified":"2026-03-06T22:34:09","modified_gmt":"2026-03-06T22:34:09","slug":"entrega-y-devoluciones","status":"publish","type":"page","link":"https:\/\/beatodigital.es\/ropa\/index.php\/entrega-y-devoluciones\/","title":{"rendered":"Entrega y devoluciones"},"content":{"rendered":"\t\t<div data-elementor-type=\"wp-page\" data-elementor-id=\"736\" class=\"elementor elementor-736\" data-elementor-post-type=\"page\">\n\t\t\t\t<div class=\"elementor-element elementor-element-29533e4 e-flex e-con-boxed wcf-starter-animations-none e-con e-parent\" data-id=\"29533e4\" data-element_type=\"container\" data-e-type=\"container\">\n\t\t\t\t\t<div class=\"e-con-inner\">\n\t\t\t\t<div class=\"elementor-element elementor-element-ba8f743 wcf-starter-animations-none elementor-widget elementor-widget-heading\" data-id=\"ba8f743\" data-element_type=\"widget\" data-e-type=\"widget\" data-settings=\"{&quot;wcf_starter_animations&quot;:&quot;none&quot;,&quot;wcf_anim_duration&quot;:1000,&quot;wcf_anim_delay&quot;:0,&quot;wcf_anim_ease&quot;:&quot;ease&quot;}\" data-widget_type=\"heading.default\">\n\t\t\t\t<div class=\"elementor-widget-container\">\n\t\t\t\t\t<h5 class=\"elementor-heading-title elementor-size-default\">Informaci\u00f3n general sobre env\u00edos<\/h5>\t\t\t\t<\/div>\n\t\t\t\t<\/div>\n\t\t\t\t<div class=\"vamtam-has-theme-widget-styles elementor-element elementor-element-fb69d2f wcf-starter-animations-none elementor-widget elementor-widget-text-editor\" data-id=\"fb69d2f\" data-element_type=\"widget\" data-e-type=\"widget\" data-settings=\"{&quot;wcf_starter_animations&quot;:&quot;none&quot;,&quot;wcf_anim_duration&quot;:1000,&quot;wcf_anim_delay&quot;:0,&quot;wcf_anim_ease&quot;:&quot;ease&quot;}\" data-widget_type=\"text-editor.default\">\n\t\t\t\t<div class=\"elementor-widget-container\">\n\t\t\t\t\t\t\t\t\t<p data-path-to-node=\"2\">Los pedidos realizados antes de las <b data-path-to-node=\"2\" data-index-in-node=\"36\">14:30 h<\/b> suelen enviarse el mismo d\u00eda desde nuestra boutique en <b data-path-to-node=\"2\" data-index-in-node=\"99\">Ibi, Alicante<\/b>. Ofrecemos env\u00edo est\u00e1ndar gratuito en:<\/p><ul data-path-to-node=\"3\"><li><p data-path-to-node=\"3,0,0\"><b data-path-to-node=\"3,0,0\" data-index-in-node=\"0\">Pedidos NACIONALES (Pen\u00ednsula) &gt; 100 \u20ac<\/b> (He ajustado el monto a un est\u00e1ndar m\u00e1s com\u00fan en Espa\u00f1a, pero puedes cambiarlo).<\/p><\/li><li><p data-path-to-node=\"3,1,0\"><b data-path-to-node=\"3,1,0\" data-index-in-node=\"0\">Pedidos INTERNACIONALES \/ Baleares \/ Canarias &gt; Consultar tarifas espec\u00edficas.<\/b><\/p><\/li><\/ul><p data-path-to-node=\"4\">Los plazos de entrega son estimados y comienzan a partir de la fecha de env\u00edo. Tenga en cuenta que en algunas zonas geogr\u00e1ficas la oferta de servicios de entrega puede ser limitada, por lo que no nos hacemos responsables de los retrasos debidos a la lejan\u00eda del destino o a condiciones meteorol\u00f3gicas adversas. En <b data-path-to-node=\"4\" data-index-in-node=\"314\">ABV Moda<\/b> haremos todo lo posible por enviar su pedido con la mayor celeridad, aunque puede haber ligeros retrasos en la tramitaci\u00f3n durante temporadas de alta demanda (<b data-path-to-node=\"4\" data-index-in-node=\"482\">Rebajas, Black Friday o Campa\u00f1a de Navidad<\/b>).<\/p><p data-path-to-node=\"5\">Se espera que los clientes firmen al recibir sus prendas, aunque nuestros socios log\u00edsticos permiten la <b data-path-to-node=\"5\" data-index-in-node=\"104\">entrega sin contacto<\/b> si as\u00ed lo prefiere. Tenga en cuenta que nuestro servicio no es de entrega nominativa; cualquier persona en la direcci\u00f3n designada puede firmar la recepci\u00f3n. No nos hacemos responsables de pedidos extraviados que hayan sido entregados y firmados en edificios comunes o direcciones de oficina proporcionadas por el cliente.<\/p><p data-path-to-node=\"6\">Si no hubiera nadie disponible para la recepci\u00f3n, el transportista realizar\u00e1 los intentos de entrega estipulados por la agencia. Tras varios d\u00edas sin comunicaci\u00f3n o \u00e9xito en la entrega, el paquete ser\u00e1 devuelto a nuestro almac\u00e9n en Ibi.<\/p><h3 data-path-to-node=\"7\">Sostenibilidad y Embalaje<\/h3><p data-path-to-node=\"8\">En compromiso con el medio ambiente, su pedido puede ser enviado en <b data-path-to-node=\"8\" data-index-in-node=\"68\">embalaje ecol\u00f3gico<\/b>. Los art\u00edculos se envuelven cuidadosamente en papel de seda y se entregan en cajas discretas y <b data-path-to-node=\"8\" data-index-in-node=\"182\">100% reciclables<\/b>. Con el fin de reducir residuos, no ofrecemos embalajes de regalo adicionales.<\/p><h3 data-path-to-node=\"9\">Periodos de Rebajas<\/h3><p data-path-to-node=\"10\">Durante las promociones y liquidaciones de temporada, su env\u00edo puede sufrir un ligero retraso debido al volumen de pedidos. Por favor, cuente con un margen de hasta <b data-path-to-node=\"10\" data-index-in-node=\"165\">5 a 7 d\u00edas laborables<\/b> para recibir su compra en estas fechas especiales.<\/p>\t\t\t\t\t\t\t\t<\/div>\n\t\t\t\t<\/div>\n\t\t\t\t<div class=\"elementor-element elementor-element-208632c elementor-widget-divider--view-line elementor-widget elementor-widget-divider\" data-id=\"208632c\" data-element_type=\"widget\" data-e-type=\"widget\" data-widget_type=\"divider.default\">\n\t\t\t\t<div class=\"elementor-widget-container\">\n\t\t\t\t\t\t\t<div class=\"elementor-divider\">\n\t\t\t<span class=\"elementor-divider-separator\">\n\t\t\t\t\t\t<\/span>\n\t\t<\/div>\n\t\t\t\t\t\t<\/div>\n\t\t\t\t<\/div>\n\t\t\t\t<div class=\"elementor-element elementor-element-f9e830c wcf-starter-animations-none elementor-widget elementor-widget-heading\" data-id=\"f9e830c\" data-element_type=\"widget\" data-e-type=\"widget\" data-settings=\"{&quot;wcf_starter_animations&quot;:&quot;none&quot;,&quot;wcf_anim_duration&quot;:1000,&quot;wcf_anim_delay&quot;:0,&quot;wcf_anim_ease&quot;:&quot;ease&quot;}\" data-widget_type=\"heading.default\">\n\t\t\t\t<div class=\"elementor-widget-container\">\n\t\t\t\t\t<h5 class=\"elementor-heading-title elementor-size-default\">PEDIDOS INTERNACIONALES<\/h5>\t\t\t\t<\/div>\n\t\t\t\t<\/div>\n\t\t\t\t<div class=\"vamtam-has-theme-widget-styles elementor-element elementor-element-eb9fbaa wcf-starter-animations-none elementor-widget elementor-widget-text-editor\" data-id=\"eb9fbaa\" data-element_type=\"widget\" data-e-type=\"widget\" data-settings=\"{&quot;wcf_starter_animations&quot;:&quot;none&quot;,&quot;wcf_anim_duration&quot;:1000,&quot;wcf_anim_delay&quot;:0,&quot;wcf_anim_ease&quot;:&quot;ease&quot;}\" data-widget_type=\"text-editor.default\">\n\t\t\t\t<div class=\"elementor-widget-container\">\n\t\t\t\t\t\t\t\t\t<p data-path-to-node=\"2\"><b data-path-to-node=\"2\" data-index-in-node=\"0\">Ana Bel\u00e9n de V\u00e9s Moda<\/b> realiza env\u00edos internacionales. Para pedidos fuera de la Uni\u00f3n Europea (y zonas con reg\u00edmenes fiscales especiales), todos los env\u00edos se realizan bajo la modalidad <b data-path-to-node=\"2\" data-index-in-node=\"185\">DDU (Delivery Duties Unpaid \/ Derechos de Entrega No Pagados)<\/b>.<\/p><p data-path-to-node=\"3\">Los pedidos pueden estar sujetos a impuestos de aduana, tasas y aranceles de importaci\u00f3n, los cuales se devengan una vez que el env\u00edo llega al pa\u00eds de destino. El <b data-path-to-node=\"3\" data-index-in-node=\"163\">cliente es el \u00fanico responsable<\/b> de todos los gastos de despacho de aduanas y de cualquier cargo de importaci\u00f3n local (aranceles, IVA de importaci\u00f3n, etc.) si los hubiera.<\/p><p data-path-to-node=\"4\">Le recomendamos verificar las condiciones con su oficina de aduanas local antes de realizar la compra, ya que las pol\u00edticas aduaneras var\u00edan significativamente de un pa\u00eds a otro. En caso de que un paquete no pueda ser entregado y la compra sea devuelta a nuestro almac\u00e9n, el cliente asumir\u00e1 todos los <b data-path-to-node=\"4\" data-index-in-node=\"301\">gastos de env\u00edo de retorno<\/b>. Tenga en cuenta que los env\u00edos transfronterizos est\u00e1n sujetos a la apertura e inspecci\u00f3n por parte de las autoridades aduaneras competentes.<\/p>\t\t\t\t\t\t\t\t<\/div>\n\t\t\t\t<\/div>\n\t\t\t\t<div class=\"elementor-element elementor-element-e512018 elementor-widget-divider--view-line elementor-widget elementor-widget-divider\" data-id=\"e512018\" data-element_type=\"widget\" data-e-type=\"widget\" data-widget_type=\"divider.default\">\n\t\t\t\t<div class=\"elementor-widget-container\">\n\t\t\t\t\t\t\t<div class=\"elementor-divider\">\n\t\t\t<span class=\"elementor-divider-separator\">\n\t\t\t\t\t\t<\/span>\n\t\t<\/div>\n\t\t\t\t\t\t<\/div>\n\t\t\t\t<\/div>\n\t\t\t\t<div class=\"elementor-element elementor-element-db323fb wcf-starter-animations-none elementor-widget elementor-widget-heading\" data-id=\"db323fb\" data-element_type=\"widget\" data-e-type=\"widget\" data-settings=\"{&quot;wcf_starter_animations&quot;:&quot;none&quot;,&quot;wcf_anim_duration&quot;:1000,&quot;wcf_anim_delay&quot;:0,&quot;wcf_anim_ease&quot;:&quot;ease&quot;}\" data-widget_type=\"heading.default\">\n\t\t\t\t<div class=\"elementor-widget-container\">\n\t\t\t\t\t<h5 class=\"elementor-heading-title elementor-size-default\">POL\u00cdTICA DE REEMBOLSO<\/h5>\t\t\t\t<\/div>\n\t\t\t\t<\/div>\n\t\t\t\t<div class=\"vamtam-has-theme-widget-styles elementor-element elementor-element-34fe13d wcf-starter-animations-none elementor-widget elementor-widget-text-editor\" data-id=\"34fe13d\" data-element_type=\"widget\" data-e-type=\"widget\" data-settings=\"{&quot;wcf_starter_animations&quot;:&quot;none&quot;,&quot;wcf_anim_duration&quot;:1000,&quot;wcf_anim_delay&quot;:0,&quot;wcf_anim_ease&quot;:&quot;ease&quot;}\" data-widget_type=\"text-editor.default\">\n\t\t\t\t<div class=\"elementor-widget-container\">\n\t\t\t\t\t\t\t\t\t<p data-path-to-node=\"2\">Se aceptan cambios y devoluciones de art\u00edculos no utilizados dentro de los <b data-path-to-node=\"2\" data-index-in-node=\"75\">14 d\u00edas<\/b> posteriores a la recepci\u00f3n del pedido y requieren un <b data-path-to-node=\"2\" data-index-in-node=\"136\">N\u00famero de Autorizaci\u00f3n (RA)<\/b>. Una vez emitido el n\u00famero RA, los art\u00edculos deben ser recibidos en nuestra boutique en un plazo m\u00e1ximo de 10 d\u00edas. Los art\u00edculos con un descuento del <b data-path-to-node=\"2\" data-index-in-node=\"315\">50% o superior se consideran Venta Final<\/b> y no admiten devoluci\u00f3n.<\/p><p data-path-to-node=\"3\">Puede solicitar su N\u00famero RA a trav\u00e9s de:<\/p><ul data-path-to-node=\"4\"><li><p data-path-to-node=\"4,0,0\"><b data-path-to-node=\"4,0,0\" data-index-in-node=\"0\">Email:<\/b> shop@modasbelen.es<\/p><\/li><li><p data-path-to-node=\"4,1,0\"><b data-path-to-node=\"4,1,0\" data-index-in-node=\"0\">Tel\u00e9fono: <\/b>+34655974352\u00a0(Atenci\u00f3n al cliente en horario comercial)<\/p><\/li><\/ul><p data-path-to-node=\"5\">Durante el horario de apertura, las solicitudes por correo electr\u00f3nico se procesan de inmediato. Si por alguna raz\u00f3n no recibe una respuesta r\u00e1pida, no dude en llamarnos directamente.<\/p><p data-path-to-node=\"6\">Una vez obtenido el n\u00famero RA, por favor especifique si desea un <b data-path-to-node=\"6\" data-index-in-node=\"65\">cambio de talla\/prenda o un reembolso<\/b>. Empaquete los art\u00edculos de forma segura y env\u00edelos a trav\u00e9s de un servicio de mensajer\u00eda con seguimiento a la siguiente direcci\u00f3n:<\/p><p data-path-to-node=\"7\"><b data-path-to-node=\"7\" data-index-in-node=\"0\">Ana Bel\u00e9n de V\u00e9s Moda<\/b> Carrer Jos\u00e9 Cremades Monp\u00f3, 3, 03440 Ibi, Alicante, Espa\u00f1a<\/p>\t\t\t\t\t\t\t\t<\/div>\n\t\t\t\t<\/div>\n\t\t\t\t<div class=\"elementor-element elementor-element-d20e53f elementor-widget-divider--view-line elementor-widget elementor-widget-divider\" data-id=\"d20e53f\" data-element_type=\"widget\" data-e-type=\"widget\" data-widget_type=\"divider.default\">\n\t\t\t\t<div class=\"elementor-widget-container\">\n\t\t\t\t\t\t\t<div class=\"elementor-divider\">\n\t\t\t<span class=\"elementor-divider-separator\">\n\t\t\t\t\t\t<\/span>\n\t\t<\/div>\n\t\t\t\t\t\t<\/div>\n\t\t\t\t<\/div>\n\t\t\t\t<div class=\"elementor-element elementor-element-f64e558 wcf-starter-animations-none elementor-widget elementor-widget-heading\" data-id=\"f64e558\" data-element_type=\"widget\" data-e-type=\"widget\" data-settings=\"{&quot;wcf_starter_animations&quot;:&quot;none&quot;,&quot;wcf_anim_duration&quot;:1000,&quot;wcf_anim_delay&quot;:0,&quot;wcf_anim_ease&quot;:&quot;ease&quot;}\" data-widget_type=\"heading.default\">\n\t\t\t\t<div class=\"elementor-widget-container\">\n\t\t\t\t\t<h5 class=\"elementor-heading-title elementor-size-default\">T\u00c9RMINOS Y CONDICIONES DE DEVOLUCI\u00d3N<\/h5>\t\t\t\t<\/div>\n\t\t\t\t<\/div>\n\t\t\t\t<div class=\"vamtam-has-theme-widget-styles elementor-element elementor-element-50f0578 wcf-starter-animations-none elementor-widget elementor-widget-text-editor\" data-id=\"50f0578\" data-element_type=\"widget\" data-e-type=\"widget\" data-settings=\"{&quot;wcf_starter_animations&quot;:&quot;none&quot;,&quot;wcf_anim_duration&quot;:1000,&quot;wcf_anim_delay&quot;:0,&quot;wcf_anim_ease&quot;:&quot;ease&quot;}\" data-widget_type=\"text-editor.default\">\n\t\t\t\t<div class=\"elementor-widget-container\">\n\t\t\t\t\t\t\t\t\t<p data-path-to-node=\"2\">Los pedidos pueden devolverse en un plazo de <b data-path-to-node=\"2\" data-index-in-node=\"45\">14 d\u00edas<\/b> a partir de la fecha de recepci\u00f3n si no queda satisfecha con su compra. Para que la devoluci\u00f3n sea aceptada, todos los art\u00edculos deben encontrarse en el mismo estado en que se recibieron: <b data-path-to-node=\"2\" data-index-in-node=\"241\">sin usar, sin alterar y sin lavar<\/b>, conservando todas sus etiquetas originales intactas.<\/p><p data-path-to-node=\"3\">Una vez aprobada la devoluci\u00f3n, recibir\u00e1 un reembolso completo del importe de la prenda menos los gastos de env\u00edo iniciales. Es imprescindible que los art\u00edculos se devuelvan en su <b data-path-to-node=\"3\" data-index-in-node=\"180\">embalaje original<\/b>; de lo contrario, no se podr\u00e1 proceder al reembolso.<\/p><h5 data-path-to-node=\"4\">Mercanc\u00eda Da\u00f1ada o Defectuosa<\/h5><p data-path-to-node=\"5\">En el caso excepcional de recibir mercanc\u00eda da\u00f1ada o defectuosa, <b data-path-to-node=\"5\" data-index-in-node=\"65\">ABV Moda<\/b> gestionar\u00e1 el env\u00edo de un reemplazo sin coste alguno para usted. En estos casos, as\u00ed como en env\u00edos incorrectos por nuestra parte, el env\u00edo de devoluci\u00f3n ser\u00e1 totalmente gratuito. En cualquier otro supuesto, el cliente ser\u00e1 responsable de los gastos de env\u00edo de la devoluci\u00f3n. No se aceptar\u00e1n paquetes enviados a contra reembolso.<\/p><h5 data-path-to-node=\"6\">Plazos de Reembolso<\/h5><p data-path-to-node=\"7\">Una vez que recibamos y verifiquemos la devoluci\u00f3n en nuestra boutique (dentro del plazo especificado), procesaremos el abono o reembolso en un periodo de <b data-path-to-node=\"7\" data-index-in-node=\"155\">2 a 3 d\u00edas laborables<\/b>. Le notificaremos v\u00eda correo electr\u00f3nico en cuanto la transacci\u00f3n se haya completado. Tenga en cuenta que, dependiendo de su entidad bancaria, pueden ser necesarios d\u00edas adicionales para que el movimiento se refleje en su cuenta.<\/p>\t\t\t\t\t\t\t\t<\/div>\n\t\t\t\t<\/div>\n\t\t\t\t<div class=\"elementor-element elementor-element-2a445a9 elementor-widget-divider--view-line elementor-widget elementor-widget-divider\" data-id=\"2a445a9\" data-element_type=\"widget\" data-e-type=\"widget\" data-widget_type=\"divider.default\">\n\t\t\t\t<div class=\"elementor-widget-container\">\n\t\t\t\t\t\t\t<div class=\"elementor-divider\">\n\t\t\t<span class=\"elementor-divider-separator\">\n\t\t\t\t\t\t<\/span>\n\t\t<\/div>\n\t\t\t\t\t\t<\/div>\n\t\t\t\t<\/div>\n\t\t\t\t<div class=\"elementor-element elementor-element-e08af05 wcf-starter-animations-none elementor-widget elementor-widget-heading\" data-id=\"e08af05\" data-element_type=\"widget\" data-e-type=\"widget\" data-settings=\"{&quot;wcf_starter_animations&quot;:&quot;none&quot;,&quot;wcf_anim_duration&quot;:1000,&quot;wcf_anim_delay&quot;:0,&quot;wcf_anim_ease&quot;:&quot;ease&quot;}\" data-widget_type=\"heading.default\">\n\t\t\t\t<div class=\"elementor-widget-container\">\n\t\t\t\t\t<h5 class=\"elementor-heading-title elementor-size-default\">PEDIDOS INTERNACIONALES<\/h5>\t\t\t\t<\/div>\n\t\t\t\t<\/div>\n\t\t\t\t<div class=\"vamtam-has-theme-widget-styles elementor-element elementor-element-9cd6c24 wcf-starter-animations-none elementor-widget elementor-widget-text-editor\" data-id=\"9cd6c24\" data-element_type=\"widget\" data-e-type=\"widget\" data-settings=\"{&quot;wcf_starter_animations&quot;:&quot;none&quot;,&quot;wcf_anim_duration&quot;:1000,&quot;wcf_anim_delay&quot;:0,&quot;wcf_anim_ease&quot;:&quot;ease&quot;}\" data-widget_type=\"text-editor.default\">\n\t\t\t\t<div class=\"elementor-widget-container\">\n\t\t\t\t\t\t\t\t\t<p data-path-to-node=\"2\"><b class=\"\" data-path-to-node=\"2\" data-index-in-node=\"0\">Ana Bel\u00e9n de V\u00e9s Moda<\/b><span class=\"\"> realiza env\u00edos internacionales a una amplia selecci\u00f3n de destinos globales.<\/span><span class=\"\"> Para pedidos fuera de la Uni\u00f3n Europea,<\/span><span class=\"\"> todos los env\u00edos se gestionan bajo la modalidad <\/span><b class=\"\" data-path-to-node=\"2\" data-index-in-node=\"186\">DDU (Entrega sin derechos pagados)<\/b><span class=\"\">.<\/span><\/p><p data-path-to-node=\"3\"><span class=\"\">El riesgo de p\u00e9rdida y la titularidad de la mercanc\u00eda adquirida se transferir\u00e1n a usted en el momento de la entrega del paquete al transportista en nuestras instalaciones de <\/span><b class=\"\" data-path-to-node=\"3\" data-index-in-node=\"174\">Ibi<\/b><span class=\"\">.<\/span><span class=\"\"> Los pedidos pueden estar sujetos a impuestos,<\/span><span class=\"\"> tasas y aranceles aduaneros de importaci\u00f3n,<\/span><span class=\"\"> que se aplican una vez que el env\u00edo alcanza su pa\u00eds de destino.<\/span><\/p><p data-path-to-node=\"4\"><span class=\"\">Los clientes son responsables de todos los gastos de despacho de aduana y de los cargos de importaci\u00f3n locales (aranceles,<\/span><span class=\"\"> impuestos,<\/span><span class=\"\"> etc.<\/span><span class=\"\">),<\/span><span class=\"\"> si los hubiera.<\/span><span class=\"\"> Le recomendamos verificar estas condiciones con su oficina de aduanas local antes de finalizar la compra,<\/span><span class=\"\"> ya que las pol\u00edticas aduaneras var\u00edan significativamente entre territorios.<\/span><\/p><p data-path-to-node=\"5\"><span class=\"\">En caso de que un paquete no pueda ser entregado y la compra sea devuelta a nuestra boutique,<\/span><span class=\"\"> el cliente ser\u00e1 responsable de todos los gastos de env\u00edo de la devoluci\u00f3n.<\/span><span class=\"\"> Asimismo,<\/span><span class=\"\"> tenga en cuenta que los env\u00edos transfronterizos est\u00e1n sujetos a la apertura e inspecci\u00f3n por parte de las autoridades aduaneras competentes.<\/span><\/p>\t\t\t\t\t\t\t\t<\/div>\n\t\t\t\t<\/div>\n\t\t\t\t\t<\/div>\n\t\t\t\t<\/div>\n\t\t\t\t<\/div>\n\t\t","protected":false},"excerpt":{"rendered":"<p>Information<\/p>\n","protected":false},"author":1,"featured_media":0,"parent":0,"menu_order":0,"comment_status":"closed","ping_status":"closed","template":"","meta":{"footnotes":""},"class_list":["post-736","page","type-page","status-publish","hentry"],"_links":{"self":[{"href":"https:\/\/beatodigital.es\/ropa\/index.php\/wp-json\/wp\/v2\/pages\/736","targetHints":{"allow":["GET"]}}],"collection":[{"href":"https:\/\/beatodigital.es\/ropa\/index.php\/wp-json\/wp\/v2\/pages"}],"about":[{"href":"https:\/\/beatodigital.es\/ropa\/index.php\/wp-json\/wp\/v2\/types\/page"}],"author":[{"embeddable":true,"href":"https:\/\/beatodigital.es\/ropa\/index.php\/wp-json\/wp\/v2\/users\/1"}],"replies":[{"embeddable":true,"href":"https:\/\/beatodigital.es\/ropa\/index.php\/wp-json\/wp\/v2\/comments?post=736"}],"version-history":[{"count":7,"href":"https:\/\/beatodigital.es\/ropa\/index.php\/wp-json\/wp\/v2\/pages\/736\/revisions"}],"predecessor-version":[{"id":987742,"href":"https:\/\/beatodigital.es\/ropa\/index.php\/wp-json\/wp\/v2\/pages\/736\/revisions\/987742"}],"wp:attachment":[{"href":"https:\/\/beatodigital.es\/ropa\/index.php\/wp-json\/wp\/v2\/media?parent=736"}],"curies":[{"name":"wp","href":"https:\/\/api.w.org\/{rel}","templated":true}]}}