{"id":732,"date":"2023-12-29T09:26:27","date_gmt":"2023-12-29T09:26:27","guid":{"rendered":"https:\/\/innovecouture.vamtam.com\/?page_id=732"},"modified":"2026-03-08T13:39:37","modified_gmt":"2026-03-08T13:39:37","slug":"estado-del-pedido","status":"publish","type":"page","link":"https:\/\/beatodigital.es\/ropa\/index.php\/estado-del-pedido\/","title":{"rendered":"Estado del pedido"},"content":{"rendered":"\t\t<div data-elementor-type=\"wp-page\" data-elementor-id=\"732\" class=\"elementor elementor-732\" data-elementor-post-type=\"page\">\n\t\t\t\t<div class=\"elementor-element elementor-element-43c5ee3 e-flex e-con-boxed wcf-starter-animations-none e-con e-parent\" data-id=\"43c5ee3\" data-element_type=\"container\" data-e-type=\"container\">\n\t\t\t\t\t<div class=\"e-con-inner\">\n\t\t\t\t<div class=\"vamtam-has-theme-widget-styles elementor-element elementor-element-a96a90d wcf-starter-animations-none elementor-widget elementor-widget-text-editor\" data-id=\"a96a90d\" data-element_type=\"widget\" data-e-type=\"widget\" data-settings=\"{&quot;wcf_starter_animations&quot;:&quot;none&quot;,&quot;wcf_anim_duration&quot;:1000,&quot;wcf_anim_delay&quot;:0,&quot;wcf_anim_ease&quot;:&quot;ease&quot;}\" data-widget_type=\"text-editor.default\">\n\t\t\t\t<div class=\"elementor-widget-container\">\n\t\t\t\t\t\t\t\t\t<p>\u00bfDesea realizar el seguimiento o cancelar su pedido? Introduzca el n\u00famero de pedido y la direcci\u00f3n de correo electr\u00f3nico utilizada para el pedido que desea rastrear o cancelar. Si a\u00fan se encuentra dentro del per\u00edodo de reflexi\u00f3n de 30 minutos, seleccione \u00abCancelar pedido\u00bb una vez que se le redirija a la p\u00e1gina de seguimiento.\u00a0<\/p>\t\t\t\t\t\t\t\t<\/div>\n\t\t\t\t<\/div>\n\t\t\t\t<div class=\"vamtam-has-theme-widget-styles elementor-element elementor-element-0508bce elementor-widget__width-initial elementor-widget-mobile__width-inherit elementor-widget elementor-widget-wc-elements\" data-id=\"0508bce\" data-element_type=\"widget\" data-e-type=\"widget\" data-widget_type=\"wc-elements.default\">\n\t\t\t\t<div class=\"elementor-widget-container\">\n\t\t\t\t\t<div class=\"woocommerce\"><\/div>\t\t\t\t<\/div>\n\t\t\t\t<\/div>\n\t\t\t\t\t<\/div>\n\t\t\t\t<\/div>\n\t\t\t\t<\/div>\n\t\t","protected":false},"excerpt":{"rendered":"<p>Sigue tu pedido<\/p>\n","protected":false},"author":1,"featured_media":0,"parent":0,"menu_order":0,"comment_status":"closed","ping_status":"closed","template":"","meta":{"footnotes":""},"class_list":["post-732","page","type-page","status-publish","hentry"],"_links":{"self":[{"href":"https:\/\/beatodigital.es\/ropa\/index.php\/wp-json\/wp\/v2\/pages\/732","targetHints":{"allow":["GET"]}}],"collection":[{"href":"https:\/\/beatodigital.es\/ropa\/index.php\/wp-json\/wp\/v2\/pages"}],"about":[{"href":"https:\/\/beatodigital.es\/ropa\/index.php\/wp-json\/wp\/v2\/types\/page"}],"author":[{"embeddable":true,"href":"https:\/\/beatodigital.es\/ropa\/index.php\/wp-json\/wp\/v2\/users\/1"}],"replies":[{"embeddable":true,"href":"https:\/\/beatodigital.es\/ropa\/index.php\/wp-json\/wp\/v2\/comments?post=732"}],"version-history":[{"count":5,"href":"https:\/\/beatodigital.es\/ropa\/index.php\/wp-json\/wp\/v2\/pages\/732\/revisions"}],"predecessor-version":[{"id":987765,"href":"https:\/\/beatodigital.es\/ropa\/index.php\/wp-json\/wp\/v2\/pages\/732\/revisions\/987765"}],"wp:attachment":[{"href":"https:\/\/beatodigital.es\/ropa\/index.php\/wp-json\/wp\/v2\/media?parent=732"}],"curies":[{"name":"wp","href":"https:\/\/api.w.org\/{rel}","templated":true}]}}