{"id":4565,"date":"2024-01-18T09:42:15","date_gmt":"2024-01-18T09:42:15","guid":{"rendered":"https:\/\/innovecouture.vamtam.com\/?page_id=4565"},"modified":"2026-03-11T19:21:05","modified_gmt":"2026-03-11T19:21:05","slug":"sostenibilidad","status":"publish","type":"page","link":"https:\/\/beatodigital.es\/ropa\/index.php\/sostenibilidad\/","title":{"rendered":"Sostenibilidad"},"content":{"rendered":"\t\t<div data-elementor-type=\"wp-page\" data-elementor-id=\"4565\" class=\"elementor elementor-4565\" data-elementor-post-type=\"page\">\n\t\t\t\t<div class=\"elementor-element elementor-element-2572175 e-flex e-con-boxed wcf-starter-animations-none e-con e-parent\" data-id=\"2572175\" data-element_type=\"container\" data-e-type=\"container\">\n\t\t\t\t\t<div class=\"e-con-inner\">\n\t\t<div class=\"elementor-element elementor-element-8c1a3de e-con-full e-flex wcf-starter-animations-none e-con e-child\" data-id=\"8c1a3de\" data-element_type=\"container\" data-e-type=\"container\">\n\t\t<div class=\"elementor-element elementor-element-93ae6a9 e-flex e-con-boxed wcf-starter-animations-none e-con e-child\" data-id=\"93ae6a9\" data-element_type=\"container\" data-e-type=\"container\">\n\t\t\t\t\t<div class=\"e-con-inner\">\n\t\t\t\t<div class=\"elementor-element elementor-element-92c8d10 wcf-starter-animations-none elementor-invisible elementor-widget elementor-widget-heading\" data-id=\"92c8d10\" data-element_type=\"widget\" data-e-type=\"widget\" data-settings=\"{&quot;_animation&quot;:&quot;fadeIn&quot;,&quot;_animation_tablet&quot;:&quot;none&quot;,&quot;_animation_delay&quot;:200,&quot;wcf_starter_animations&quot;:&quot;none&quot;,&quot;wcf_anim_duration&quot;:1000,&quot;wcf_anim_delay&quot;:0,&quot;wcf_anim_ease&quot;:&quot;ease&quot;}\" data-widget_type=\"heading.default\">\n\t\t\t\t<div class=\"elementor-widget-container\">\n\t\t\t\t\t<h2 class=\"elementor-heading-title elementor-size-default\">Enfoque<\/h2>\t\t\t\t<\/div>\n\t\t\t\t<\/div>\n\t\t\t\t<div class=\"vamtam-has-theme-widget-styles elementor-element elementor-element-8e5f662 wcf-starter-animations-none elementor-widget elementor-widget-text-editor\" data-id=\"8e5f662\" data-element_type=\"widget\" data-e-type=\"widget\" data-settings=\"{&quot;wcf_starter_animations&quot;:&quot;none&quot;,&quot;wcf_anim_duration&quot;:1000,&quot;wcf_anim_delay&quot;:0,&quot;wcf_anim_ease&quot;:&quot;ease&quot;}\" data-widget_type=\"text-editor.default\">\n\t\t\t\t<div class=\"elementor-widget-container\">\n\t\t\t\t\t\t\t\t\t<p>Con una s\u00f3lida trayectoria en el comercio de Ibi, Ana Bel\u00e9n de V\u00e9s Moda es sin\u00f3nimo de elegancia atemporal, seleccionando prendas dise\u00f1adas para resistir el paso de las temporadas. Con un compromiso inquebrantable con la calidad sin concesiones, la boutique se asegura de que cada pieza de su cat\u00e1logo sea un testimonio de durabilidad y buen gusto, promoviendo un consumo de moda m\u00e1s consciente y alejado de la fugacidad del <i data-path-to-node=\"3,0\" data-index-in-node=\"426\">fast fashion<\/i><\/p>\t\t\t\t\t\t\t\t<\/div>\n\t\t\t\t<\/div>\n\t\t\t\t\t<\/div>\n\t\t\t\t<\/div>\n\t\t<div class=\"elementor-element elementor-element-f1cd55a e-con-full e-flex wcf-starter-animations-none e-con e-child\" data-id=\"f1cd55a\" data-element_type=\"container\" data-e-type=\"container\">\n\t\t\t\t<div class=\"elementor-element elementor-element-f1c575e elementor-widget__width-auto elementor-widget-mobile__width-initial wcf-starter-animations-none elementor-widget elementor-widget-image\" data-id=\"f1c575e\" data-element_type=\"widget\" data-e-type=\"widget\" data-settings=\"{&quot;wcf_starter_animations&quot;:&quot;none&quot;,&quot;wcf_anim_duration&quot;:1000,&quot;wcf_anim_delay&quot;:0,&quot;wcf_anim_ease&quot;:&quot;ease&quot;}\" data-widget_type=\"image.default\">\n\t\t\t\t<div class=\"elementor-widget-container\">\n\t\t\t\t\t\t\t\t\t\t\t\t\t\t\t<img fetchpriority=\"high\" decoding=\"async\" width=\"705\" height=\"1024\" src=\"https:\/\/beatodigital.es\/ropa\/wp-content\/uploads\/2026\/03\/Gemini_Generated_Image_fixvnufixvnufixv-1-705x1024.png\" class=\"attachment-large size-large wp-image-987902\" alt=\"\" srcset=\"https:\/\/beatodigital.es\/ropa\/wp-content\/uploads\/2026\/03\/Gemini_Generated_Image_fixvnufixvnufixv-1-705x1024.png 705w, https:\/\/beatodigital.es\/ropa\/wp-content\/uploads\/2026\/03\/Gemini_Generated_Image_fixvnufixvnufixv-1-206x300.png 206w, https:\/\/beatodigital.es\/ropa\/wp-content\/uploads\/2026\/03\/Gemini_Generated_Image_fixvnufixvnufixv-1-64x93.png 64w, https:\/\/beatodigital.es\/ropa\/wp-content\/uploads\/2026\/03\/Gemini_Generated_Image_fixvnufixvnufixv-1.png 768w\" sizes=\"(max-width: 705px) 100vw, 705px\" \/>\t\t\t\t\t\t\t\t\t\t\t\t\t\t\t<\/div>\n\t\t\t\t<\/div>\n\t\t\t\t<div class=\"elementor-element elementor-element-ebb72c0 elementor-widget__width-auto elementor-widget-mobile__width-initial wcf-starter-animations-none elementor-widget elementor-widget-image\" data-id=\"ebb72c0\" data-element_type=\"widget\" data-e-type=\"widget\" data-settings=\"{&quot;wcf_starter_animations&quot;:&quot;none&quot;,&quot;wcf_anim_duration&quot;:1000,&quot;wcf_anim_delay&quot;:0,&quot;wcf_anim_ease&quot;:&quot;ease&quot;}\" data-widget_type=\"image.default\">\n\t\t\t\t<div class=\"elementor-widget-container\">\n\t\t\t\t\t\t\t\t\t\t\t\t\t\t\t<img decoding=\"async\" width=\"704\" height=\"1024\" src=\"https:\/\/beatodigital.es\/ropa\/wp-content\/uploads\/2026\/03\/Gemini_Generated_Image_vjoceevjoceevjoc-1-704x1024.png\" class=\"attachment-large size-large wp-image-987904\" alt=\"\" srcset=\"https:\/\/beatodigital.es\/ropa\/wp-content\/uploads\/2026\/03\/Gemini_Generated_Image_vjoceevjoceevjoc-1-704x1024.png 704w, https:\/\/beatodigital.es\/ropa\/wp-content\/uploads\/2026\/03\/Gemini_Generated_Image_vjoceevjoceevjoc-1-206x300.png 206w, https:\/\/beatodigital.es\/ropa\/wp-content\/uploads\/2026\/03\/Gemini_Generated_Image_vjoceevjoceevjoc-1-64x93.png 64w, https:\/\/beatodigital.es\/ropa\/wp-content\/uploads\/2026\/03\/Gemini_Generated_Image_vjoceevjoceevjoc-1.png 768w\" sizes=\"(max-width: 704px) 100vw, 704px\" \/>\t\t\t\t\t\t\t\t\t\t\t\t\t\t\t<\/div>\n\t\t\t\t<\/div>\n\t\t\t\t<\/div>\n\t\t\t\t<\/div>\n\t\t<div class=\"elementor-element elementor-element-546333f e-con-full elementor-hidden-tablet elementor-hidden-mobile e-flex wcf-starter-animations-none e-con e-child\" data-id=\"546333f\" data-element_type=\"container\" data-e-type=\"container\">\n\t\t\t\t<div class=\"elementor-element elementor-element-ba8e651 wcf-starter-animations-none elementor-widget elementor-widget-image\" data-id=\"ba8e651\" data-element_type=\"widget\" data-e-type=\"widget\" data-settings=\"{&quot;wcf_starter_animations&quot;:&quot;none&quot;,&quot;wcf_anim_duration&quot;:1000,&quot;wcf_anim_delay&quot;:0,&quot;wcf_anim_ease&quot;:&quot;ease&quot;}\" data-widget_type=\"image.default\">\n\t\t\t\t<div class=\"elementor-widget-container\">\n\t\t\t\t\t\t\t\t\t\t\t\t\t\t\t<img decoding=\"async\" width=\"1024\" height=\"981\" src=\"https:\/\/beatodigital.es\/ropa\/wp-content\/uploads\/2026\/03\/Gemini_Generated_Image_8xnclz8xnclz8xnc-2-1024x981.png\" class=\"attachment-large size-large wp-image-987905\" alt=\"\" srcset=\"https:\/\/beatodigital.es\/ropa\/wp-content\/uploads\/2026\/03\/Gemini_Generated_Image_8xnclz8xnclz8xnc-2-1024x981.png 1024w, https:\/\/beatodigital.es\/ropa\/wp-content\/uploads\/2026\/03\/Gemini_Generated_Image_8xnclz8xnclz8xnc-2-300x287.png 300w, https:\/\/beatodigital.es\/ropa\/wp-content\/uploads\/2026\/03\/Gemini_Generated_Image_8xnclz8xnclz8xnc-2-768x736.png 768w, https:\/\/beatodigital.es\/ropa\/wp-content\/uploads\/2026\/03\/Gemini_Generated_Image_8xnclz8xnclz8xnc-2-1536x1472.png 1536w, https:\/\/beatodigital.es\/ropa\/wp-content\/uploads\/2026\/03\/Gemini_Generated_Image_8xnclz8xnclz8xnc-2-1300x1246.png 1300w, https:\/\/beatodigital.es\/ropa\/wp-content\/uploads\/2026\/03\/Gemini_Generated_Image_8xnclz8xnclz8xnc-2-64x61.png 64w, https:\/\/beatodigital.es\/ropa\/wp-content\/uploads\/2026\/03\/Gemini_Generated_Image_8xnclz8xnclz8xnc-2.png 1556w\" sizes=\"(max-width: 1024px) 100vw, 1024px\" \/>\t\t\t\t\t\t\t\t\t\t\t\t\t\t\t<\/div>\n\t\t\t\t<\/div>\n\t\t\t\t<\/div>\n\t\t\t\t\t<\/div>\n\t\t\t\t<\/div>\n\t\t<div class=\"elementor-element elementor-element-3ed21b4 e-flex e-con-boxed wcf-starter-animations-none e-con e-parent\" data-id=\"3ed21b4\" data-element_type=\"container\" data-e-type=\"container\">\n\t\t\t\t\t<div class=\"e-con-inner\">\n\t\t<div class=\"elementor-element elementor-element-70ae67a e-con-full e-flex wcf-starter-animations-none e-con e-child\" data-id=\"70ae67a\" data-element_type=\"container\" data-e-type=\"container\">\n\t\t\t\t<div class=\"elementor-element elementor-element-532b6c1 wcf-starter-animations-none elementor-widget elementor-widget-image\" data-id=\"532b6c1\" data-element_type=\"widget\" data-e-type=\"widget\" data-settings=\"{&quot;wcf_starter_animations&quot;:&quot;none&quot;,&quot;wcf_anim_duration&quot;:1000,&quot;wcf_anim_delay&quot;:0,&quot;wcf_anim_ease&quot;:&quot;ease&quot;}\" data-widget_type=\"image.default\">\n\t\t\t\t<div class=\"elementor-widget-container\">\n\t\t\t\t\t\t\t\t\t\t\t\t\t\t\t<img loading=\"lazy\" decoding=\"async\" width=\"492\" height=\"681\" src=\"https:\/\/beatodigital.es\/ropa\/wp-content\/uploads\/2026\/03\/476084935_2066782423798358_3563106169554082268_n.jpg\" class=\"attachment-large size-large wp-image-987906\" alt=\"\" srcset=\"https:\/\/beatodigital.es\/ropa\/wp-content\/uploads\/2026\/03\/476084935_2066782423798358_3563106169554082268_n.jpg 492w, https:\/\/beatodigital.es\/ropa\/wp-content\/uploads\/2026\/03\/476084935_2066782423798358_3563106169554082268_n-217x300.jpg 217w, https:\/\/beatodigital.es\/ropa\/wp-content\/uploads\/2026\/03\/476084935_2066782423798358_3563106169554082268_n-64x89.jpg 64w\" sizes=\"(max-width: 492px) 100vw, 492px\" \/>\t\t\t\t\t\t\t\t\t\t\t\t\t\t\t<\/div>\n\t\t\t\t<\/div>\n\t\t<div class=\"elementor-element elementor-element-bb598f5 e-flex e-con-boxed wcf-starter-animations-none e-con e-child\" data-id=\"bb598f5\" data-element_type=\"container\" data-e-type=\"container\">\n\t\t\t\t\t<div class=\"e-con-inner\">\n\t\t\t\t<div class=\"elementor-element elementor-element-bb273b2 wcf-starter-animations-none elementor-widget elementor-widget-heading\" data-id=\"bb273b2\" data-element_type=\"widget\" data-e-type=\"widget\" data-settings=\"{&quot;wcf_starter_animations&quot;:&quot;none&quot;,&quot;wcf_anim_duration&quot;:1000,&quot;wcf_anim_delay&quot;:0,&quot;wcf_anim_ease&quot;:&quot;ease&quot;}\" data-widget_type=\"heading.default\">\n\t\t\t\t<div class=\"elementor-widget-container\">\n\t\t\t\t\t<h2 class=\"elementor-heading-title elementor-size-default\">Compromisos<\/h2>\t\t\t\t<\/div>\n\t\t\t\t<\/div>\n\t\t\t\t<div class=\"vamtam-has-theme-widget-styles elementor-element elementor-element-06c1a7f wcf-starter-animations-none elementor-widget elementor-widget-text-editor\" data-id=\"06c1a7f\" data-element_type=\"widget\" data-e-type=\"widget\" data-settings=\"{&quot;wcf_starter_animations&quot;:&quot;none&quot;,&quot;wcf_anim_duration&quot;:1000,&quot;wcf_anim_delay&quot;:0,&quot;wcf_anim_ease&quot;:&quot;ease&quot;}\" data-widget_type=\"text-editor.default\">\n\t\t\t\t<div class=\"elementor-widget-container\">\n\t\t\t\t\t\t\t\t\t<p>Desde proveedores y fabricantes hasta productos, almacenes, tiendas y oficinas, nuestro objetivo com\u00fan es colaborar y superar los objetivos de sostenibilidad.\u00a0\u00a0<\/p>\t\t\t\t\t\t\t\t<\/div>\n\t\t\t\t<\/div>\n\t\t\t\t<div class=\"elementor-element elementor-element-e6dd860 elementor-widget-divider--view-line elementor-widget elementor-widget-divider\" data-id=\"e6dd860\" data-element_type=\"widget\" data-e-type=\"widget\" data-widget_type=\"divider.default\">\n\t\t\t\t<div class=\"elementor-widget-container\">\n\t\t\t\t\t\t\t<div class=\"elementor-divider\">\n\t\t\t<span class=\"elementor-divider-separator\">\n\t\t\t\t\t\t<\/span>\n\t\t<\/div>\n\t\t\t\t\t\t<\/div>\n\t\t\t\t<\/div>\n\t\t\t\t<div class=\"elementor-element elementor-element-b2056f5 elementor-icon-list--layout-traditional elementor-list-item-link-full_width elementor-widget elementor-widget-icon-list\" data-id=\"b2056f5\" data-element_type=\"widget\" data-e-type=\"widget\" data-widget_type=\"icon-list.default\">\n\t\t\t\t<div class=\"elementor-widget-container\">\n\t\t\t\t\t\t\t<ul class=\"elementor-icon-list-items\">\n\t\t\t\t\t\t\t<li class=\"elementor-icon-list-item\">\n\t\t\t\t\t\t\t\t\t\t\t<span class=\"elementor-icon-list-icon\">\n\t\t\t\t\t\t\t<i aria-hidden=\"true\" class=\"vamtamtheme- vamtam-theme-line\"><\/i>\t\t\t\t\t\t<\/span>\n\t\t\t\t\t\t\t\t\t\t<span class=\"elementor-icon-list-text\">Minimizar las emisiones de carbono<\/span>\n\t\t\t\t\t\t\t\t\t<\/li>\n\t\t\t\t\t\t\t\t<li class=\"elementor-icon-list-item\">\n\t\t\t\t\t\t\t\t\t\t\t<span class=\"elementor-icon-list-icon\">\n\t\t\t\t\t\t\t<i aria-hidden=\"true\" class=\"vamtamtheme- vamtam-theme-line\"><\/i>\t\t\t\t\t\t<\/span>\n\t\t\t\t\t\t\t\t\t\t<span class=\"elementor-icon-list-text\">Fomentar una cultura de sostenibilidad<\/span>\n\t\t\t\t\t\t\t\t\t<\/li>\n\t\t\t\t\t\t\t\t<li class=\"elementor-icon-list-item\">\n\t\t\t\t\t\t\t\t\t\t\t<span class=\"elementor-icon-list-icon\">\n\t\t\t\t\t\t\t<i aria-hidden=\"true\" class=\"vamtamtheme- vamtam-theme-line\"><\/i>\t\t\t\t\t\t<\/span>\n\t\t\t\t\t\t\t\t\t\t<span class=\"elementor-icon-list-text\">Proteger nuestro rico patrimonio de innovaci\u00f3n y artesan\u00eda.<\/span>\n\t\t\t\t\t\t\t\t\t<\/li>\n\t\t\t\t\t\t<\/ul>\n\t\t\t\t\t\t<\/div>\n\t\t\t\t<\/div>\n\t\t\t\t<div class=\"elementor-element elementor-element-ee874cc elementor-widget-divider--view-line elementor-widget elementor-widget-divider\" data-id=\"ee874cc\" data-element_type=\"widget\" data-e-type=\"widget\" data-widget_type=\"divider.default\">\n\t\t\t\t<div class=\"elementor-widget-container\">\n\t\t\t\t\t\t\t<div class=\"elementor-divider\">\n\t\t\t<span class=\"elementor-divider-separator\">\n\t\t\t\t\t\t<\/span>\n\t\t<\/div>\n\t\t\t\t\t\t<\/div>\n\t\t\t\t<\/div>\n\t\t\t\t<div class=\"vamtam-has-theme-widget-styles elementor-element elementor-element-beda17a wcf-starter-animations-none elementor-widget elementor-widget-text-editor\" data-id=\"beda17a\" data-element_type=\"widget\" data-e-type=\"widget\" data-settings=\"{&quot;wcf_starter_animations&quot;:&quot;none&quot;,&quot;wcf_anim_duration&quot;:1000,&quot;wcf_anim_delay&quot;:0,&quot;wcf_anim_ease&quot;:&quot;ease&quot;}\" data-widget_type=\"text-editor.default\">\n\t\t\t\t<div class=\"elementor-widget-container\">\n\t\t\t\t\t\t\t\t\t<p>Al trabajar juntos en todas las facetas de nuestras operaciones, aspiramos a contribuir de manera significativa a un futuro m\u00e1s sostenible y responsable.\u00a0<\/p>\t\t\t\t\t\t\t\t<\/div>\n\t\t\t\t<\/div>\n\t\t\t\t\t<\/div>\n\t\t\t\t<\/div>\n\t\t\t\t<\/div>\n\t\t<div class=\"elementor-element elementor-element-cfba010 e-con-full e-flex wcf-starter-animations-none e-con e-child\" data-id=\"cfba010\" data-element_type=\"container\" data-e-type=\"container\" data-settings=\"{&quot;background_background&quot;:&quot;classic&quot;,&quot;background_motion_fx_motion_fx_scrolling&quot;:&quot;yes&quot;,&quot;background_motion_fx_translateY_effect&quot;:&quot;yes&quot;,&quot;background_motion_fx_translateY_speed&quot;:{&quot;unit&quot;:&quot;px&quot;,&quot;size&quot;:2,&quot;sizes&quot;:[]},&quot;background_motion_fx_devices&quot;:[&quot;desktop&quot;],&quot;background_motion_fx_translateY_affectedRange&quot;:{&quot;unit&quot;:&quot;%&quot;,&quot;size&quot;:&quot;&quot;,&quot;sizes&quot;:{&quot;start&quot;:0,&quot;end&quot;:100}}}\">\n\t\t\t\t<\/div>\n\t\t\t\t\t<\/div>\n\t\t\t\t<\/div>\n\t\t<div class=\"elementor-element elementor-element-58340d0 e-flex e-con-boxed wcf-starter-animations-none e-con e-parent\" data-id=\"58340d0\" data-element_type=\"container\" data-e-type=\"container\" data-settings=\"{&quot;background_background&quot;:&quot;classic&quot;}\">\n\t\t\t\t\t<div class=\"e-con-inner\">\n\t\t<div class=\"elementor-element elementor-element-614e118 e-con-full e-flex wcf-starter-animations-none e-con e-child\" data-id=\"614e118\" data-element_type=\"container\" data-e-type=\"container\" data-settings=\"{&quot;background_background&quot;:&quot;classic&quot;}\">\n\t\t\t\t<\/div>\n\t\t<div class=\"elementor-element elementor-element-0404567 e-con-full e-flex wcf-starter-animations-none e-con e-child\" data-id=\"0404567\" data-element_type=\"container\" data-e-type=\"container\" data-settings=\"{&quot;background_background&quot;:&quot;classic&quot;}\">\n\t\t\t\t<\/div>\n\t\t<div class=\"elementor-element elementor-element-282a7f1 e-con-full e-flex wcf-starter-animations-none e-con e-child\" data-id=\"282a7f1\" data-element_type=\"container\" data-e-type=\"container\">\n\t\t\t\t<div class=\"elementor-element elementor-element-ff83da5 wcf-starter-animations-none elementor-widget elementor-widget-heading\" data-id=\"ff83da5\" data-element_type=\"widget\" data-e-type=\"widget\" data-settings=\"{&quot;wcf_starter_animations&quot;:&quot;none&quot;,&quot;wcf_anim_duration&quot;:1000,&quot;wcf_anim_delay&quot;:0,&quot;wcf_anim_ease&quot;:&quot;ease&quot;}\" data-widget_type=\"heading.default\">\n\t\t\t\t<div class=\"elementor-widget-container\">\n\t\t\t\t\t<h2 class=\"elementor-heading-title elementor-size-default\">Materiales<\/h2>\t\t\t\t<\/div>\n\t\t\t\t<\/div>\n\t\t<div class=\"elementor-element elementor-element-50e46ca e-flex e-con-boxed wcf-starter-animations-none e-con e-child\" data-id=\"50e46ca\" data-element_type=\"container\" data-e-type=\"container\">\n\t\t\t\t\t<div class=\"e-con-inner\">\n\t\t\t\t<div class=\"elementor-element elementor-element-51ba19f elementor-widget-mobile__width-initial elementor-view-default elementor-widget elementor-widget-icon\" data-id=\"51ba19f\" data-element_type=\"widget\" data-e-type=\"widget\" data-widget_type=\"icon.default\">\n\t\t\t\t<div class=\"elementor-widget-container\">\n\t\t\t\t\t\t\t<div class=\"elementor-icon-wrapper\">\n\t\t\t<div class=\"elementor-icon\">\n\t\t\t<i aria-hidden=\"true\" class=\"vamtamtheme- vamtam-theme-leather\"><\/i>\t\t\t<\/div>\n\t\t<\/div>\n\t\t\t\t\t\t<\/div>\n\t\t\t\t<\/div>\n\t\t\t\t<div class=\"vamtam-has-theme-widget-styles elementor-element elementor-element-ffd79fa elementor-widget-mobile__width-initial elementor-widget__width-initial wcf-starter-animations-none elementor-widget elementor-widget-text-editor\" data-id=\"ffd79fa\" data-element_type=\"widget\" data-e-type=\"widget\" data-settings=\"{&quot;wcf_starter_animations&quot;:&quot;none&quot;,&quot;wcf_anim_duration&quot;:1000,&quot;wcf_anim_delay&quot;:0,&quot;wcf_anim_ease&quot;:&quot;ease&quot;}\" data-widget_type=\"text-editor.default\">\n\t\t\t\t<div class=\"elementor-widget-container\">\n\t\t\t\t\t\t\t\t\t<p>CUERO<\/p>\n<p>Cuero 100 % trazable<br \/>El 90 % de los restos de cuero se reciclan\u00a0\u00a0<\/p>\t\t\t\t\t\t\t\t<\/div>\n\t\t\t\t<\/div>\n\t\t\t\t\t<\/div>\n\t\t\t\t<\/div>\n\t\t<div class=\"elementor-element elementor-element-21cda63 e-flex e-con-boxed wcf-starter-animations-none e-con e-child\" data-id=\"21cda63\" data-element_type=\"container\" data-e-type=\"container\">\n\t\t\t\t\t<div class=\"e-con-inner\">\n\t\t\t\t<div class=\"elementor-element elementor-element-8820e3a elementor-widget-mobile__width-initial elementor-view-default elementor-widget elementor-widget-icon\" data-id=\"8820e3a\" data-element_type=\"widget\" data-e-type=\"widget\" data-widget_type=\"icon.default\">\n\t\t\t\t<div class=\"elementor-widget-container\">\n\t\t\t\t\t\t\t<div class=\"elementor-icon-wrapper\">\n\t\t\t<div class=\"elementor-icon\">\n\t\t\t<i aria-hidden=\"true\" class=\"vamtamtheme- vamtam-theme-cotton\"><\/i>\t\t\t<\/div>\n\t\t<\/div>\n\t\t\t\t\t\t<\/div>\n\t\t\t\t<\/div>\n\t\t\t\t<div class=\"vamtam-has-theme-widget-styles elementor-element elementor-element-4e8c43c elementor-widget-mobile__width-initial elementor-widget__width-initial wcf-starter-animations-none elementor-widget elementor-widget-text-editor\" data-id=\"4e8c43c\" data-element_type=\"widget\" data-e-type=\"widget\" data-settings=\"{&quot;wcf_starter_animations&quot;:&quot;none&quot;,&quot;wcf_anim_duration&quot;:1000,&quot;wcf_anim_delay&quot;:0,&quot;wcf_anim_ease&quot;:&quot;ease&quot;}\" data-widget_type=\"text-editor.default\">\n\t\t\t\t<div class=\"elementor-widget-container\">\n\t\t\t\t\t\t\t\t\t<p>ALGOD\u00d3N<\/p>\n<p>82 % algod\u00f3n org\u00e1nico<\/p>\t\t\t\t\t\t\t\t<\/div>\n\t\t\t\t<\/div>\n\t\t\t\t\t<\/div>\n\t\t\t\t<\/div>\n\t\t<div class=\"elementor-element elementor-element-c4359d6 e-flex e-con-boxed wcf-starter-animations-none e-con e-child\" data-id=\"c4359d6\" data-element_type=\"container\" data-e-type=\"container\">\n\t\t\t\t\t<div class=\"e-con-inner\">\n\t\t\t\t<div class=\"elementor-element elementor-element-975bfdc elementor-widget-mobile__width-initial elementor-view-default elementor-widget elementor-widget-icon\" data-id=\"975bfdc\" data-element_type=\"widget\" data-e-type=\"widget\" data-widget_type=\"icon.default\">\n\t\t\t\t<div class=\"elementor-widget-container\">\n\t\t\t\t\t\t\t<div class=\"elementor-icon-wrapper\">\n\t\t\t<div class=\"elementor-icon\">\n\t\t\t<i aria-hidden=\"true\" class=\"vamtamtheme- vamtam-theme-plastic\"><\/i>\t\t\t<\/div>\n\t\t<\/div>\n\t\t\t\t\t\t<\/div>\n\t\t\t\t<\/div>\n\t\t\t\t<div class=\"vamtam-has-theme-widget-styles elementor-element elementor-element-a916dbf elementor-widget-mobile__width-initial elementor-widget__width-initial wcf-starter-animations-none elementor-widget elementor-widget-text-editor\" data-id=\"a916dbf\" data-element_type=\"widget\" data-e-type=\"widget\" data-settings=\"{&quot;wcf_starter_animations&quot;:&quot;none&quot;,&quot;wcf_anim_duration&quot;:1000,&quot;wcf_anim_delay&quot;:0,&quot;wcf_anim_ease&quot;:&quot;ease&quot;}\" data-widget_type=\"text-editor.default\">\n\t\t\t\t<div class=\"elementor-widget-container\">\n\t\t\t\t\t\t\t\t\t<p>PL\u00c1STICO\u00a0<\/p>\n<p>0 % PVC<br \/>17 % pl\u00e1stico de origen biol\u00f3gico o reciclado<\/p>\t\t\t\t\t\t\t\t<\/div>\n\t\t\t\t<\/div>\n\t\t\t\t\t<\/div>\n\t\t\t\t<\/div>\n\t\t<div class=\"elementor-element elementor-element-f823caf e-flex e-con-boxed wcf-starter-animations-none e-con e-child\" data-id=\"f823caf\" data-element_type=\"container\" data-e-type=\"container\">\n\t\t\t\t\t<div class=\"e-con-inner\">\n\t\t\t\t<div class=\"elementor-element elementor-element-25d8192 elementor-widget-mobile__width-initial elementor-view-default elementor-widget elementor-widget-icon\" data-id=\"25d8192\" data-element_type=\"widget\" data-e-type=\"widget\" data-widget_type=\"icon.default\">\n\t\t\t\t<div class=\"elementor-widget-container\">\n\t\t\t\t\t\t\t<div class=\"elementor-icon-wrapper\">\n\t\t\t<div class=\"elementor-icon\">\n\t\t\t<i aria-hidden=\"true\" class=\"vamtamtheme- vamtam-theme-paper\"><\/i>\t\t\t<\/div>\n\t\t<\/div>\n\t\t\t\t\t\t<\/div>\n\t\t\t\t<\/div>\n\t\t\t\t<div class=\"vamtam-has-theme-widget-styles elementor-element elementor-element-8d4a28a elementor-widget-mobile__width-initial elementor-widget__width-initial wcf-starter-animations-none elementor-widget elementor-widget-text-editor\" data-id=\"8d4a28a\" data-element_type=\"widget\" data-e-type=\"widget\" data-settings=\"{&quot;wcf_starter_animations&quot;:&quot;none&quot;,&quot;wcf_anim_duration&quot;:1000,&quot;wcf_anim_delay&quot;:0,&quot;wcf_anim_ease&quot;:&quot;ease&quot;}\" data-widget_type=\"text-editor.default\">\n\t\t\t\t<div class=\"elementor-widget-container\">\n\t\t\t\t\t\t\t\t\t<p>PAPEL\u00a0<\/p>\n<p>100 % certificado o reciclado<\/p>\t\t\t\t\t\t\t\t<\/div>\n\t\t\t\t<\/div>\n\t\t\t\t\t<\/div>\n\t\t\t\t<\/div>\n\t\t<div class=\"elementor-element elementor-element-b02569c e-flex e-con-boxed wcf-starter-animations-none e-con e-child\" data-id=\"b02569c\" data-element_type=\"container\" data-e-type=\"container\">\n\t\t\t\t\t<div class=\"e-con-inner\">\n\t\t\t\t<div class=\"elementor-element elementor-element-feac9ed elementor-widget-mobile__width-initial elementor-view-default elementor-widget elementor-widget-icon\" data-id=\"feac9ed\" data-element_type=\"widget\" data-e-type=\"widget\" data-widget_type=\"icon.default\">\n\t\t\t\t<div class=\"elementor-widget-container\">\n\t\t\t\t\t\t\t<div class=\"elementor-icon-wrapper\">\n\t\t\t<div class=\"elementor-icon\">\n\t\t\t<i aria-hidden=\"true\" class=\"vamtamtheme- vamtam-theme-packaging\"><\/i>\t\t\t<\/div>\n\t\t<\/div>\n\t\t\t\t\t\t<\/div>\n\t\t\t\t<\/div>\n\t\t\t\t<div class=\"vamtam-has-theme-widget-styles elementor-element elementor-element-4e374a0 elementor-widget-mobile__width-initial elementor-widget__width-initial wcf-starter-animations-none elementor-widget elementor-widget-text-editor\" data-id=\"4e374a0\" data-element_type=\"widget\" data-e-type=\"widget\" data-settings=\"{&quot;wcf_starter_animations&quot;:&quot;none&quot;,&quot;wcf_anim_duration&quot;:1000,&quot;wcf_anim_delay&quot;:0,&quot;wcf_anim_ease&quot;:&quot;ease&quot;}\" data-widget_type=\"text-editor.default\">\n\t\t\t\t<div class=\"elementor-widget-container\">\n\t\t\t\t\t\t\t\t\t<p>EMBALAJE<\/p>\n<p>Papel 100 % certificado por el Forest Stewardship Council<br \/>Franela 100 % certificada por la Norma Textil Org\u00e1nica Global<\/p>\t\t\t\t\t\t\t\t<\/div>\n\t\t\t\t<\/div>\n\t\t\t\t\t<\/div>\n\t\t\t\t<\/div>\n\t\t\t\t<\/div>\n\t\t\t\t\t<\/div>\n\t\t\t\t<\/div>\n\t\t\t\t<\/div>\n\t\t","protected":false},"excerpt":{"rendered":"<p>CADA DETALLE CUENTA<\/p>\n","protected":false},"author":1,"featured_media":987895,"parent":0,"menu_order":0,"comment_status":"closed","ping_status":"closed","template":"","meta":{"footnotes":""},"class_list":["post-4565","page","type-page","status-publish","has-post-thumbnail","hentry"],"_links":{"self":[{"href":"https:\/\/beatodigital.es\/ropa\/index.php\/wp-json\/wp\/v2\/pages\/4565","targetHints":{"allow":["GET"]}}],"collection":[{"href":"https:\/\/beatodigital.es\/ropa\/index.php\/wp-json\/wp\/v2\/pages"}],"about":[{"href":"https:\/\/beatodigital.es\/ropa\/index.php\/wp-json\/wp\/v2\/types\/page"}],"author":[{"embeddable":true,"href":"https:\/\/beatodigital.es\/ropa\/index.php\/wp-json\/wp\/v2\/users\/1"}],"replies":[{"embeddable":true,"href":"https:\/\/beatodigital.es\/ropa\/index.php\/wp-json\/wp\/v2\/comments?post=4565"}],"version-history":[{"count":8,"href":"https:\/\/beatodigital.es\/ropa\/index.php\/wp-json\/wp\/v2\/pages\/4565\/revisions"}],"predecessor-version":[{"id":987912,"href":"https:\/\/beatodigital.es\/ropa\/index.php\/wp-json\/wp\/v2\/pages\/4565\/revisions\/987912"}],"wp:featuredmedia":[{"embeddable":true,"href":"https:\/\/beatodigital.es\/ropa\/index.php\/wp-json\/wp\/v2\/media\/987895"}],"wp:attachment":[{"href":"https:\/\/beatodigital.es\/ropa\/index.php\/wp-json\/wp\/v2\/media?parent=4565"}],"curies":[{"name":"wp","href":"https:\/\/api.w.org\/{rel}","templated":true}]}}