{"id":3,"date":"2023-12-16T12:03:53","date_gmt":"2023-12-16T12:03:53","guid":{"rendered":"https:\/\/innovecouture.vamtam.com\/?page_id=3"},"modified":"2026-03-06T20:52:39","modified_gmt":"2026-03-06T20:52:39","slug":"politica-de-privacidad","status":"publish","type":"page","link":"https:\/\/beatodigital.es\/ropa\/index.php\/politica-de-privacidad\/","title":{"rendered":"Pol\u00edtica de privacidad"},"content":{"rendered":"\t\t<div data-elementor-type=\"wp-page\" data-elementor-id=\"3\" class=\"elementor elementor-3\" data-elementor-post-type=\"page\">\n\t\t\t\t<div class=\"elementor-element elementor-element-42f0eae4 e-flex e-con-boxed wcf-starter-animations-none e-con e-parent\" data-id=\"42f0eae4\" data-element_type=\"container\" data-e-type=\"container\">\n\t\t\t\t\t<div class=\"e-con-inner\">\n\t\t\t\t<div class=\"vamtam-has-theme-widget-styles elementor-element elementor-element-b7d6839 wcf-starter-animations-none elementor-widget elementor-widget-text-editor\" data-id=\"b7d6839\" data-element_type=\"widget\" data-e-type=\"widget\" data-settings=\"{&quot;wcf_starter_animations&quot;:&quot;none&quot;,&quot;wcf_anim_duration&quot;:1000,&quot;wcf_anim_delay&quot;:0,&quot;wcf_anim_ease&quot;:&quot;ease&quot;}\" data-widget_type=\"text-editor.default\">\n\t\t\t\t<div class=\"elementor-widget-container\">\n\t\t\t\t\t\t\t\t\t<h3 data-path-to-node=\"4\">POL\u00cdTICA DE PRIVACIDAD<\/h3><p data-path-to-node=\"5\"><b data-path-to-node=\"5\" data-index-in-node=\"0\">1. RESPONSABLE DEL TRATAMIENTO DE DATOS<\/b><\/p><ul data-path-to-node=\"6\"><li><p data-path-to-node=\"6,0,0\"><b data-path-to-node=\"6,0,0\" data-index-in-node=\"0\">Identidad:<\/b> <span class=\"html-span xdj266r x14z9mp xat24cr x1lziwak xexx8yu xyri2b x18d9i69 x1c1uobl x1hl2dhg x16tdsg8 x1vvkbs\">Ana Bel\u00e9n de V\u00e9s Moda<\/span><\/p><\/li><li><b data-path-to-node=\"6,2,0\" data-index-in-node=\"0\">Direcci\u00f3n postal:<\/b> Carrer Jos\u00e9 Cremades Monp\u00f3, 3, 03440 Ibi, Alicante, Espa\u00f1a<\/li><li><p data-path-to-node=\"6,3,0\">\u00a0<\/p><\/li><\/ul><p data-path-to-node=\"7\"><b data-path-to-node=\"7\" data-index-in-node=\"0\">2. FINALIDAD DEL TRATAMIENTO DE LOS DATOS<\/b> En Ana Belen de V\u00e9s moda tratamos la informaci\u00f3n que nos facilitan las personas interesadas con los siguientes fines:<\/p><ul data-path-to-node=\"8\"><li><p data-path-to-node=\"8,0,0\"><b data-path-to-node=\"8,0,0\" data-index-in-node=\"0\">Gesti\u00f3n de compras:<\/b> Procesar tus pedidos de moda, gestionar el env\u00edo, la facturaci\u00f3n y el cobro de los productos adquiridos.<\/p><\/li><li><p data-path-to-node=\"8,1,0\"><b data-path-to-node=\"8,1,0\" data-index-in-node=\"0\">Atenci\u00f3n al cliente:<\/b> Resolver dudas, devoluciones, quejas o consultas sobre tallas, env\u00edos y prendas.<\/p><\/li><li><p data-path-to-node=\"8,2,0\"><b data-path-to-node=\"8,2,0\" data-index-in-node=\"0\">Marketing (si aplica):<\/b> Env\u00edo de comunicaciones comerciales sobre nuestras colecciones, ofertas y novedades, siempre que el usuario haya dado su consentimiento expreso.<\/p><\/li><\/ul><p data-path-to-node=\"9\"><b data-path-to-node=\"9\" data-index-in-node=\"0\">3. LEGITIMACI\u00d3N (\u00bfPor qu\u00e9 podemos tratar tus datos?)<\/b> La base legal para el tratamiento de tus datos es:<\/p><ul data-path-to-node=\"10\"><li><p data-path-to-node=\"10,0,0\"><b data-path-to-node=\"10,0,0\" data-index-in-node=\"0\">Ejecuci\u00f3n de un contrato:<\/b> Para la compra de nuestros productos y la gesti\u00f3n del env\u00edo.<\/p><\/li><li><p data-path-to-node=\"10,1,0\"><b data-path-to-node=\"10,1,0\" data-index-in-node=\"0\">Consentimiento del interesado:<\/b> Para el env\u00edo de boletines informativos (newsletter) o registro en la web.<\/p><\/li><li><p data-path-to-node=\"10,2,0\"><b data-path-to-node=\"10,2,0\" data-index-in-node=\"0\">Obligaci\u00f3n legal:<\/b> Para el cumplimiento de nuestras obligaciones fiscales y contables (facturaci\u00f3n).<\/p><\/li><\/ul><p data-path-to-node=\"11\"><b data-path-to-node=\"11\" data-index-in-node=\"0\">4. CONSERVACI\u00d3N DE LOS DATOS<\/b> Los datos personales proporcionados se conservar\u00e1n mientras se mantenga la relaci\u00f3n mercantil o hasta que el usuario solicite su supresi\u00f3n. Por obligaci\u00f3n legal (temas fiscales y contables), los datos de compra se conservar\u00e1n durante un m\u00ednimo de 6 a\u00f1os.<\/p><p data-path-to-node=\"12\"><b data-path-to-node=\"12\" data-index-in-node=\"0\">5. DESTINATARIOS (\u00bfA qui\u00e9n comunicamos tus datos?)<\/b> Para poder gestionar la tienda, compartimos tus datos estrictamente necesarios con los siguientes proveedores de servicios:<\/p><ul data-path-to-node=\"13\"><li><p data-path-to-node=\"13,0,0\"><b data-path-to-node=\"13,0,0\" data-index-in-node=\"0\">Empresas de transporte:<\/b> [Ej. Correos, MRW, SEUR] para poder entregar tu pedido.<\/p><\/li><li><p data-path-to-node=\"13,1,0\"><b data-path-to-node=\"13,1,0\" data-index-in-node=\"0\">Pasarelas de pago:<\/b> [Ej. Stripe, PayPal, Redsys] para procesar el cobro de forma segura.<\/p><\/li><\/ul><p data-path-to-node=\"14\"><b data-path-to-node=\"14\" data-index-in-node=\"0\">6. DERECHOS DEL USUARIO<\/b> Cualquier persona tiene derecho a obtener confirmaci\u00f3n sobre si en Ana Belen de V\u00e9s moda estamos tratando sus datos personales. Puedes ejercer los siguientes derechos:<\/p><ul data-path-to-node=\"15\"><li><p data-path-to-node=\"15,0,0\"><b data-path-to-node=\"15,0,0\" data-index-in-node=\"0\">Acceso:<\/b> Conocer qu\u00e9 datos tuyos tenemos.<\/p><\/li><li><p data-path-to-node=\"15,1,0\"><b data-path-to-node=\"15,1,0\" data-index-in-node=\"0\">Rectificaci\u00f3n:<\/b> Modificar datos inexactos o incompletos.<\/p><\/li><li><p data-path-to-node=\"15,2,0\"><b data-path-to-node=\"15,2,0\" data-index-in-node=\"0\">Supresi\u00f3n (\u00abDerecho al olvido\u00bb):<\/b> Solicitar que eliminemos tus datos.<\/p><\/li><li><p data-path-to-node=\"15,3,0\"><b data-path-to-node=\"15,3,0\" data-index-in-node=\"0\">Oposici\u00f3n y limitaci\u00f3n:<\/b> Oponerte a que usemos tus datos para ciertos fines (como el marketing).<\/p><\/li><\/ul><p data-path-to-node=\"16\">\u00a0<\/p><p data-path-to-node=\"17\"><b data-path-to-node=\"17\" data-index-in-node=\"0\">7. CAMBIOS EN LA POL\u00cdTICA DE PRIVACIDAD<\/b><\/p><p class=\"DUwDvf lfPIob\">Ana Belen de V\u00e9s moda se reserva el derecho a modificar la presente pol\u00edtica para adaptarla a novedades legislativas o jurisprudenciales.<\/p>\t\t\t\t\t\t\t\t<\/div>\n\t\t\t\t<\/div>\n\t\t\t\t\t<\/div>\n\t\t\t\t<\/div>\n\t\t\t\t<\/div>\n\t\t","protected":false},"excerpt":{"rendered":"<p>Condiciones de uso de Ana Bel\u00e9n de V\u00e9s Moda<\/p>\n","protected":false},"author":1,"featured_media":0,"parent":0,"menu_order":0,"comment_status":"closed","ping_status":"closed","template":"","meta":{"footnotes":""},"class_list":["post-3","page","type-page","status-publish","hentry"],"_links":{"self":[{"href":"https:\/\/beatodigital.es\/ropa\/index.php\/wp-json\/wp\/v2\/pages\/3","targetHints":{"allow":["GET"]}}],"collection":[{"href":"https:\/\/beatodigital.es\/ropa\/index.php\/wp-json\/wp\/v2\/pages"}],"about":[{"href":"https:\/\/beatodigital.es\/ropa\/index.php\/wp-json\/wp\/v2\/types\/page"}],"author":[{"embeddable":true,"href":"https:\/\/beatodigital.es\/ropa\/index.php\/wp-json\/wp\/v2\/users\/1"}],"replies":[{"embeddable":true,"href":"https:\/\/beatodigital.es\/ropa\/index.php\/wp-json\/wp\/v2\/comments?post=3"}],"version-history":[{"count":6,"href":"https:\/\/beatodigital.es\/ropa\/index.php\/wp-json\/wp\/v2\/pages\/3\/revisions"}],"predecessor-version":[{"id":987670,"href":"https:\/\/beatodigital.es\/ropa\/index.php\/wp-json\/wp\/v2\/pages\/3\/revisions\/987670"}],"wp:attachment":[{"href":"https:\/\/beatodigital.es\/ropa\/index.php\/wp-json\/wp\/v2\/media?parent=3"}],"curies":[{"name":"wp","href":"https:\/\/api.w.org\/{rel}","templated":true}]}}