{"id":15299,"date":"2023-12-16T12:04:14","date_gmt":"2023-12-16T12:04:14","guid":{"rendered":"https:\/\/innovecouture.vamtam.com\/my-account\/"},"modified":"2026-03-06T22:11:17","modified_gmt":"2026-03-06T22:11:17","slug":"mi-cuenta","status":"publish","type":"page","link":"https:\/\/beatodigital.es\/ropa\/index.php\/mi-cuenta\/","title":{"rendered":"Mi cuenta"},"content":{"rendered":"\t\t<div data-elementor-type=\"wp-page\" data-elementor-id=\"15299\" class=\"elementor elementor-15299\" data-elementor-post-type=\"page\">\n\t\t\t\t<div class=\"elementor-element elementor-element-7edda15 e-flex e-con-boxed wcf-starter-animations-none e-con e-parent\" data-id=\"7edda15\" data-element_type=\"container\" data-e-type=\"container\">\n\t\t\t\t\t<div class=\"e-con-inner\">\n\t\t\t\t<div class=\"vamtam-has-theme-widget-styles elementor-element elementor-element-9b0b2c2 e-my-account-tabs-horizontal elementor-widget elementor-widget-woocommerce-my-account\" data-id=\"9b0b2c2\" data-element_type=\"widget\" data-e-type=\"widget\" data-widget_type=\"woocommerce-my-account.default\">\n\t\t\t\t<div class=\"elementor-widget-container\">\n\t\t\t\t\t<div class=\"e-my-account-tab e-my-account-tab__ \">\t\t\t<div class=\"woocommerce\"><\/div>\t\t<\/div>\n\t\t\t\t\t\t<\/div>\n\t\t\t\t<\/div>\n\t\t\t\t\t<\/div>\n\t\t\t\t<\/div>\n\t\t\t\t<\/div>\n\t\t","protected":false},"excerpt":{"rendered":"<p>Panel de control Pedidos Descargas Direcciones Detalles de la cuenta Lista de deseos Cerrar sesi\u00f3n Panel de control Pedidos Descargas Direcciones Detalles de la cuenta Lista de deseos Cerrar sesi\u00f3n Hola soporte (\u00bfno eres soporte? Cerrar sesi\u00f3n) Desde el escritorio de tu cuenta puedes ver tus pedidos recientes, gestionar tus direcciones de env\u00edo y facturaci\u00f3n&#8230;<\/p>\n","protected":false},"author":1,"featured_media":0,"parent":0,"menu_order":0,"comment_status":"closed","ping_status":"closed","template":"","meta":{"footnotes":""},"class_list":["post-15299","page","type-page","status-publish","hentry"],"_links":{"self":[{"href":"https:\/\/beatodigital.es\/ropa\/index.php\/wp-json\/wp\/v2\/pages\/15299","targetHints":{"allow":["GET"]}}],"collection":[{"href":"https:\/\/beatodigital.es\/ropa\/index.php\/wp-json\/wp\/v2\/pages"}],"about":[{"href":"https:\/\/beatodigital.es\/ropa\/index.php\/wp-json\/wp\/v2\/types\/page"}],"author":[{"embeddable":true,"href":"https:\/\/beatodigital.es\/ropa\/index.php\/wp-json\/wp\/v2\/users\/1"}],"replies":[{"embeddable":true,"href":"https:\/\/beatodigital.es\/ropa\/index.php\/wp-json\/wp\/v2\/comments?post=15299"}],"version-history":[{"count":4,"href":"https:\/\/beatodigital.es\/ropa\/index.php\/wp-json\/wp\/v2\/pages\/15299\/revisions"}],"predecessor-version":[{"id":987715,"href":"https:\/\/beatodigital.es\/ropa\/index.php\/wp-json\/wp\/v2\/pages\/15299\/revisions\/987715"}],"wp:attachment":[{"href":"https:\/\/beatodigital.es\/ropa\/index.php\/wp-json\/wp\/v2\/media?parent=15299"}],"curies":[{"name":"wp","href":"https:\/\/api.w.org\/{rel}","templated":true}]}}