{"id":987872,"date":"2026-02-21T01:07:00","date_gmt":"2026-02-21T01:07:00","guid":{"rendered":"https:\/\/beatodigital.es\/maria\/?page_id=987872"},"modified":"2026-02-21T01:10:53","modified_gmt":"2026-02-21T01:10:53","slug":"politica-de-cookies","status":"publish","type":"page","link":"https:\/\/beatodigital.es\/maria\/index.php\/about\/politica-de-cookies\/","title":{"rendered":"Pol\u00edtica de cookies"},"content":{"rendered":"\t\t<div data-elementor-type=\"wp-page\" data-elementor-id=\"987872\" class=\"elementor elementor-987872\" data-elementor-post-type=\"page\">\n\t\t\t\t<div class=\"elementor-element elementor-element-416324f animated-fast e-flex e-con-boxed elementor-invisible e-con e-parent\" data-id=\"416324f\" data-element_type=\"container\" data-e-type=\"container\" data-settings=\"{&quot;animation&quot;:&quot;fadeIn&quot;,&quot;animation_delay&quot;:100,&quot;wcf-animation&quot;:&quot;none&quot;,&quot;wcf_enable_pin_area&quot;:&quot;no&quot;,&quot;aae_enable_header_sticky_area&quot;:&quot;no&quot;,&quot;wcf_enable_horizontal_scroll&quot;:&quot;no&quot;,&quot;wcf_enable_cursor_hover_effect_text&quot;:&quot;View&quot;}\">\n\t\t\t\t\t<div class=\"e-con-inner\">\n\t\t\t\t<div class=\"elementor-element elementor-element-b474c48 wcf-t-animation-none elementor-widget elementor-widget-heading\" data-id=\"b474c48\" data-element_type=\"widget\" data-e-type=\"widget\" data-settings=\"{&quot;wcf_text_animation&quot;:&quot;none&quot;,&quot;wcf-animation&quot;:&quot;none&quot;}\" data-widget_type=\"heading.default\">\n\t\t\t\t<div class=\"elementor-widget-container\">\n\t\t\t\t\t<h5 class=\"elementor-heading-title elementor-size-default\">&nbsp;\u00daltima actualizaci\u00f3n: febrero de 2026<\/h5>\t\t\t\t<\/div>\n\t\t\t\t<\/div>\n\t\t\t\t<div class=\"elementor-element elementor-element-0d46fb3 wcf-t-animation-none elementor-widget elementor-widget-heading\" data-id=\"0d46fb3\" data-element_type=\"widget\" data-e-type=\"widget\" data-settings=\"{&quot;wcf_text_animation&quot;:&quot;none&quot;,&quot;wcf-animation&quot;:&quot;none&quot;}\" data-widget_type=\"heading.default\">\n\t\t\t\t<div class=\"elementor-widget-container\">\n\t\t\t\t\t<h5 class=\"elementor-heading-title elementor-size-default\">1. \u00bfQu\u00e9 son las cookies?<\/h5>\t\t\t\t<\/div>\n\t\t\t\t<\/div>\n\t\t\t\t<div class=\"vamtam-has-theme-widget-styles elementor-element elementor-element-dc01245 wcf-t-animation-none elementor-widget elementor-widget-text-editor\" data-id=\"dc01245\" data-element_type=\"widget\" data-e-type=\"widget\" data-settings=\"{&quot;wcf_text_animation&quot;:&quot;none&quot;,&quot;wcf-animation&quot;:&quot;none&quot;}\" data-widget_type=\"text-editor.default\">\n\t\t\t\t<div class=\"elementor-widget-container\">\n\t\t\t\t\t\t\t\t\t<p>Las cookies son peque\u00f1os archivos de texto que se almacenan en su dispositivo (ordenador, smartphone o tablet) cuando visita un sitio web. Sirven para recordar sus preferencias, mejorar su experiencia de navegaci\u00f3n y obtener informaci\u00f3n estad\u00edstica sobre el uso del sitio.<\/p>\t\t\t\t\t\t\t\t<\/div>\n\t\t\t\t<\/div>\n\t\t\t\t<div class=\"elementor-element elementor-element-5effea6 elementor-widget-divider--view-line elementor-widget elementor-widget-divider\" data-id=\"5effea6\" data-element_type=\"widget\" data-e-type=\"widget\" data-settings=\"{&quot;wcf-animation&quot;:&quot;none&quot;}\" data-widget_type=\"divider.default\">\n\t\t\t\t<div class=\"elementor-widget-container\">\n\t\t\t\t\t\t\t<div class=\"elementor-divider\">\n\t\t\t<span class=\"elementor-divider-separator\">\n\t\t\t\t\t\t<\/span>\n\t\t<\/div>\n\t\t\t\t\t\t<\/div>\n\t\t\t\t<\/div>\n\t\t\t\t<div class=\"elementor-element elementor-element-6afc27d wcf-t-animation-none elementor-widget elementor-widget-heading\" data-id=\"6afc27d\" data-element_type=\"widget\" data-e-type=\"widget\" data-settings=\"{&quot;wcf_text_animation&quot;:&quot;none&quot;,&quot;wcf-animation&quot;:&quot;none&quot;}\" data-widget_type=\"heading.default\">\n\t\t\t\t<div class=\"elementor-widget-container\">\n\t\t\t\t\t<h5 class=\"elementor-heading-title elementor-size-default\">2. Tipos de cookies que utilizamos<\/h5>\t\t\t\t<\/div>\n\t\t\t\t<\/div>\n\t\t\t\t<div class=\"vamtam-has-theme-widget-styles elementor-element elementor-element-4d86acf wcf-t-animation-none elementor-widget elementor-widget-text-editor\" data-id=\"4d86acf\" data-element_type=\"widget\" data-e-type=\"widget\" data-settings=\"{&quot;wcf_text_animation&quot;:&quot;none&quot;,&quot;wcf-animation&quot;:&quot;none&quot;}\" data-widget_type=\"text-editor.default\">\n\t\t\t\t<div class=\"elementor-widget-container\">\n\t\t\t\t\t\t\t\t\t<h5>2.1 Cookies t\u00e9cnicas y de sesi\u00f3n (necesarias)<\/h5><p>Son imprescindibles para el correcto funcionamiento del sitio web. Sin ellas, el sitio no puede funcionar correctamente. No requieren su consentimiento.<\/p><ul><li>Cookies de sesi\u00f3n: se eliminan autom\u00e1ticamente al cerrar el navegador.<\/li><li>Cookies de preferencias: recuerdan sus opciones de visualizaci\u00f3n (idioma, etc.).<\/li><li>Cookies de seguridad y autenticaci\u00f3n: necesarias si accede a zonas privadas del sitio.<\/li><\/ul><p>\u00a0<\/p><h5>2.2 Cookies anal\u00edticas<\/h5><p>Nos permiten conocer c\u00f3mo los usuarios navegan por nuestro sitio, qu\u00e9 p\u00e1ginas visitan con m\u00e1s frecuencia y si se producen errores. Esta informaci\u00f3n se usa de forma agregada y an\u00f3nima para mejorar el sitio.<\/p><ul><li>Google Analytics: an\u00e1lisis estad\u00edstico del tr\u00e1fico web (puede desactivarse en tools.google.com\/dlpage\/gaoptout).<\/li><\/ul><p>\u00a0<\/p><h5>2.3 Cookies de redes sociales y contenido externo<\/h5><p>Cuando se incluye contenido de redes sociales (como publicaciones de Instagram), dichas plataformas pueden instalar sus propias cookies para rastrear su actividad. Estas cookies est\u00e1n sujetas a las pol\u00edticas de privacidad de las respectivas plataformas:<\/p><ul><li>Instagram \/ Meta: https:\/\/www.facebook.com\/privacy\/policy\/<\/li><\/ul><p>\u00a0<\/p>\t\t\t\t\t\t\t\t<\/div>\n\t\t\t\t<\/div>\n\t\t\t\t<div class=\"elementor-element elementor-element-e3d7fd8 elementor-widget-divider--view-line elementor-widget elementor-widget-divider\" data-id=\"e3d7fd8\" data-element_type=\"widget\" data-e-type=\"widget\" data-settings=\"{&quot;wcf-animation&quot;:&quot;none&quot;}\" data-widget_type=\"divider.default\">\n\t\t\t\t<div class=\"elementor-widget-container\">\n\t\t\t\t\t\t\t<div class=\"elementor-divider\">\n\t\t\t<span class=\"elementor-divider-separator\">\n\t\t\t\t\t\t<\/span>\n\t\t<\/div>\n\t\t\t\t\t\t<\/div>\n\t\t\t\t<\/div>\n\t\t\t\t<div class=\"elementor-element elementor-element-2f92fd0 wcf-t-animation-none elementor-widget elementor-widget-heading\" data-id=\"2f92fd0\" data-element_type=\"widget\" data-e-type=\"widget\" data-settings=\"{&quot;wcf_text_animation&quot;:&quot;none&quot;,&quot;wcf-animation&quot;:&quot;none&quot;}\" data-widget_type=\"heading.default\">\n\t\t\t\t<div class=\"elementor-widget-container\">\n\t\t\t\t\t<h5 class=\"elementor-heading-title elementor-size-default\">3. Duraci\u00f3n de las cookies<\/h5>\t\t\t\t<\/div>\n\t\t\t\t<\/div>\n\t\t\t\t<div class=\"vamtam-has-theme-widget-styles elementor-element elementor-element-0a0ecf8 wcf-t-animation-none elementor-widget elementor-widget-text-editor\" data-id=\"0a0ecf8\" data-element_type=\"widget\" data-e-type=\"widget\" data-settings=\"{&quot;wcf_text_animation&quot;:&quot;none&quot;,&quot;wcf-animation&quot;:&quot;none&quot;}\" data-widget_type=\"text-editor.default\">\n\t\t\t\t<div class=\"elementor-widget-container\">\n\t\t\t\t\t\t\t\t\t<p>Las cookies instaladas en su dispositivo pueden tener distinta duraci\u00f3n:<\/p><ul><li>Cookies de sesi\u00f3n: desaparecen al cerrar el navegador.<\/li><li>Cookies persistentes de sesi\u00f3n e inicio de sesi\u00f3n: duran entre 2 d\u00edas y 2 semanas.<\/li><li>Cookies de preferencias y pantalla: duran hasta 1 a\u00f1o.<\/li><li>Cookies de comentarios: si deja un comentario y acepta guardar sus datos, las cookies durar\u00e1n 1 a\u00f1o.<\/li><\/ul>\t\t\t\t\t\t\t\t<\/div>\n\t\t\t\t<\/div>\n\t\t\t\t<div class=\"elementor-element elementor-element-afac7b1 elementor-widget-divider--view-line elementor-widget elementor-widget-divider\" data-id=\"afac7b1\" data-element_type=\"widget\" data-e-type=\"widget\" data-settings=\"{&quot;wcf-animation&quot;:&quot;none&quot;}\" data-widget_type=\"divider.default\">\n\t\t\t\t<div class=\"elementor-widget-container\">\n\t\t\t\t\t\t\t<div class=\"elementor-divider\">\n\t\t\t<span class=\"elementor-divider-separator\">\n\t\t\t\t\t\t<\/span>\n\t\t<\/div>\n\t\t\t\t\t\t<\/div>\n\t\t\t\t<\/div>\n\t\t\t\t<div class=\"elementor-element elementor-element-545543e wcf-t-animation-none elementor-widget elementor-widget-heading\" data-id=\"545543e\" data-element_type=\"widget\" data-e-type=\"widget\" data-settings=\"{&quot;wcf_text_animation&quot;:&quot;none&quot;,&quot;wcf-animation&quot;:&quot;none&quot;}\" data-widget_type=\"heading.default\">\n\t\t\t\t<div class=\"elementor-widget-container\">\n\t\t\t\t\t<h5 class=\"elementor-heading-title elementor-size-default\">4. C\u00f3mo gestionar las cookies<\/h5>\t\t\t\t<\/div>\n\t\t\t\t<\/div>\n\t\t\t\t<div class=\"vamtam-has-theme-widget-styles elementor-element elementor-element-e6ee543 wcf-t-animation-none elementor-widget elementor-widget-text-editor\" data-id=\"e6ee543\" data-element_type=\"widget\" data-e-type=\"widget\" data-settings=\"{&quot;wcf_text_animation&quot;:&quot;none&quot;,&quot;wcf-animation&quot;:&quot;none&quot;}\" data-widget_type=\"text-editor.default\">\n\t\t\t\t<div class=\"elementor-widget-container\">\n\t\t\t\t\t\t\t\t\t<p>Puede configurar su navegador para aceptar, rechazar o eliminar las cookies en cualquier momento. Tenga en cuenta que desactivar ciertas cookies puede afectar al funcionamiento del sitio web. Aqu\u00ed le indicamos c\u00f3mo hacerlo en los navegadores m\u00e1s comunes:<\/p><ul><li>Google Chrome: Configuraci\u00f3n &gt; Privacidad y seguridad &gt; Cookies y otros datos de sitios.<\/li><li>Mozilla Firefox: Opciones &gt; Privacidad y seguridad &gt; Cookies y datos del sitio.<\/li><li>Safari: Preferencias &gt; Privacidad &gt; Gestionar datos del sitio web.<\/li><li>Microsoft Edge: Configuraci\u00f3n &gt; Privacidad, b\u00fasqueda y servicios &gt; Cookies.<\/li><\/ul>\t\t\t\t\t\t\t\t<\/div>\n\t\t\t\t<\/div>\n\t\t\t\t<div class=\"elementor-element elementor-element-46885fe elementor-widget-divider--view-line elementor-widget elementor-widget-divider\" data-id=\"46885fe\" data-element_type=\"widget\" data-e-type=\"widget\" data-settings=\"{&quot;wcf-animation&quot;:&quot;none&quot;}\" data-widget_type=\"divider.default\">\n\t\t\t\t<div class=\"elementor-widget-container\">\n\t\t\t\t\t\t\t<div class=\"elementor-divider\">\n\t\t\t<span class=\"elementor-divider-separator\">\n\t\t\t\t\t\t<\/span>\n\t\t<\/div>\n\t\t\t\t\t\t<\/div>\n\t\t\t\t<\/div>\n\t\t\t\t<div class=\"elementor-element elementor-element-86a8ec4 wcf-t-animation-none elementor-widget elementor-widget-heading\" data-id=\"86a8ec4\" data-element_type=\"widget\" data-e-type=\"widget\" data-settings=\"{&quot;wcf_text_animation&quot;:&quot;none&quot;,&quot;wcf-animation&quot;:&quot;none&quot;}\" data-widget_type=\"heading.default\">\n\t\t\t\t<div class=\"elementor-widget-container\">\n\t\t\t\t\t<h5 class=\"elementor-heading-title elementor-size-default\">5. Actualizaciones de esta pol\u00edtica<\/h5>\t\t\t\t<\/div>\n\t\t\t\t<\/div>\n\t\t\t\t<div class=\"vamtam-has-theme-widget-styles elementor-element elementor-element-3d824df wcf-t-animation-none elementor-widget elementor-widget-text-editor\" data-id=\"3d824df\" data-element_type=\"widget\" data-e-type=\"widget\" data-settings=\"{&quot;wcf_text_animation&quot;:&quot;none&quot;,&quot;wcf-animation&quot;:&quot;none&quot;}\" data-widget_type=\"text-editor.default\">\n\t\t\t\t<div class=\"elementor-widget-container\">\n\t\t\t\t\t\t\t\t\t<p>Centro de Masajes Mar\u00eda Herrera Dur\u00e1 puede actualizar esta pol\u00edtica de cookies cuando sea necesario para reflejar cambios en las cookies que utilizamos o por otros motivos operacionales, legales o reglamentarios. Le recomendamos que revise esta p\u00e1gina peri\u00f3dicamente.<\/p>\t\t\t\t\t\t\t\t<\/div>\n\t\t\t\t<\/div>\n\t\t\t\t<div class=\"elementor-element elementor-element-0334977 elementor-widget-divider--view-line elementor-widget elementor-widget-divider\" data-id=\"0334977\" data-element_type=\"widget\" data-e-type=\"widget\" data-settings=\"{&quot;wcf-animation&quot;:&quot;none&quot;}\" data-widget_type=\"divider.default\">\n\t\t\t\t<div class=\"elementor-widget-container\">\n\t\t\t\t\t\t\t<div class=\"elementor-divider\">\n\t\t\t<span class=\"elementor-divider-separator\">\n\t\t\t\t\t\t<\/span>\n\t\t<\/div>\n\t\t\t\t\t\t<\/div>\n\t\t\t\t<\/div>\n\t\t\t\t<div class=\"elementor-element elementor-element-22d9163 wcf-t-animation-none elementor-widget elementor-widget-heading\" data-id=\"22d9163\" data-element_type=\"widget\" data-e-type=\"widget\" data-settings=\"{&quot;wcf_text_animation&quot;:&quot;none&quot;,&quot;wcf-animation&quot;:&quot;none&quot;}\" data-widget_type=\"heading.default\">\n\t\t\t\t<div class=\"elementor-widget-container\">\n\t\t\t\t\t<h5 class=\"elementor-heading-title elementor-size-default\">6. Contacto<\/h5>\t\t\t\t<\/div>\n\t\t\t\t<\/div>\n\t\t\t\t<div class=\"vamtam-has-theme-widget-styles elementor-element elementor-element-10eaa66 wcf-t-animation-none elementor-widget elementor-widget-text-editor\" data-id=\"10eaa66\" data-element_type=\"widget\" data-e-type=\"widget\" data-settings=\"{&quot;wcf_text_animation&quot;:&quot;none&quot;,&quot;wcf-animation&quot;:&quot;none&quot;}\" data-widget_type=\"text-editor.default\">\n\t\t\t\t<div class=\"elementor-widget-container\">\n\t\t\t\t\t\t\t\t\t<p>Si tiene alguna pregunta sobre nuestra pol\u00edtica de cookies, puede contactarnos en: [correo@centromasajesmaria.es]<\/p>\t\t\t\t\t\t\t\t<\/div>\n\t\t\t\t<\/div>\n\t\t\t\t<div class=\"elementor-element elementor-element-0e39c87 elementor-widget-divider--view-line elementor-widget elementor-widget-divider\" data-id=\"0e39c87\" data-element_type=\"widget\" data-e-type=\"widget\" data-settings=\"{&quot;wcf-animation&quot;:&quot;none&quot;}\" data-widget_type=\"divider.default\">\n\t\t\t\t<div class=\"elementor-widget-container\">\n\t\t\t\t\t\t\t<div class=\"elementor-divider\">\n\t\t\t<span class=\"elementor-divider-separator\">\n\t\t\t\t\t\t<\/span>\n\t\t<\/div>\n\t\t\t\t\t\t<\/div>\n\t\t\t\t<\/div>\n\t\t\t\t<div class=\"elementor-element elementor-element-5010929 wcf-t-animation-none elementor-widget elementor-widget-heading\" data-id=\"5010929\" data-element_type=\"widget\" data-e-type=\"widget\" data-settings=\"{&quot;wcf_text_animation&quot;:&quot;none&quot;,&quot;wcf-animation&quot;:&quot;none&quot;}\" data-widget_type=\"heading.default\">\n\t\t\t\t<div class=\"elementor-widget-container\">\n\t\t\t\t\t<h5 class=\"elementor-heading-title elementor-size-default\">7. Comentarios y Formularios Web<\/h5>\t\t\t\t<\/div>\n\t\t\t\t<\/div>\n\t\t\t\t<div class=\"vamtam-has-theme-widget-styles elementor-element elementor-element-499dcc2 wcf-t-animation-none elementor-widget elementor-widget-text-editor\" data-id=\"499dcc2\" data-element_type=\"widget\" data-e-type=\"widget\" data-settings=\"{&quot;wcf_text_animation&quot;:&quot;none&quot;,&quot;wcf-animation&quot;:&quot;none&quot;}\" data-widget_type=\"text-editor.default\">\n\t\t\t\t<div class=\"elementor-widget-container\">\n\t\t\t\t\t\t\t\t\t<p>\u00a0Cuando los visitantes dejan comentarios en el sitio web, recopilamos los datos que aparecen en el formulario de comentarios, as\u00ed como la direcci\u00f3n IP del visitante y la cadena del agente de usuario del navegador, para ayudar a la detecci\u00f3n de spam. Los comentarios est\u00e1n sujetos a moderaci\u00f3n antes de su publicaci\u00f3n.<\/p>\t\t\t\t\t\t\t\t<\/div>\n\t\t\t\t<\/div>\n\t\t\t\t<div class=\"elementor-element elementor-element-3f82b84 elementor-widget-divider--view-line elementor-widget elementor-widget-divider\" data-id=\"3f82b84\" data-element_type=\"widget\" data-e-type=\"widget\" data-settings=\"{&quot;wcf-animation&quot;:&quot;none&quot;}\" data-widget_type=\"divider.default\">\n\t\t\t\t<div class=\"elementor-widget-container\">\n\t\t\t\t\t\t\t<div class=\"elementor-divider\">\n\t\t\t<span class=\"elementor-divider-separator\">\n\t\t\t\t\t\t<\/span>\n\t\t<\/div>\n\t\t\t\t\t\t<\/div>\n\t\t\t\t<\/div>\n\t\t\t\t<div class=\"elementor-element elementor-element-d54c934 wcf-t-animation-none elementor-widget elementor-widget-heading\" data-id=\"d54c934\" data-element_type=\"widget\" data-e-type=\"widget\" data-settings=\"{&quot;wcf_text_animation&quot;:&quot;none&quot;,&quot;wcf-animation&quot;:&quot;none&quot;}\" data-widget_type=\"heading.default\">\n\t\t\t\t<div class=\"elementor-widget-container\">\n\t\t\t\t\t<h5 class=\"elementor-heading-title elementor-size-default\">8. Im\u00e1genes y Contenido Multimedia<\/h5>\t\t\t\t<\/div>\n\t\t\t\t<\/div>\n\t\t\t\t<div class=\"vamtam-has-theme-widget-styles elementor-element elementor-element-cd91d96 wcf-t-animation-none elementor-widget elementor-widget-text-editor\" data-id=\"cd91d96\" data-element_type=\"widget\" data-e-type=\"widget\" data-settings=\"{&quot;wcf_text_animation&quot;:&quot;none&quot;,&quot;wcf-animation&quot;:&quot;none&quot;}\" data-widget_type=\"text-editor.default\">\n\t\t\t\t<div class=\"elementor-widget-container\">\n\t\t\t\t\t\t\t\t\t<p>\u00a0Si sube im\u00e1genes al sitio web, debe evitar subir im\u00e1genes con datos de ubicaci\u00f3n integrados (GPS EXIF). Los visitantes del sitio web pueden descargar y extraer cualquier dato de ubicaci\u00f3n de las im\u00e1genes publicadas. Le recomendamos eliminar estos datos antes de compartir cualquier imagen.<\/p>\t\t\t\t\t\t\t\t<\/div>\n\t\t\t\t<\/div>\n\t\t\t\t<div class=\"elementor-element elementor-element-bc6575f elementor-widget-divider--view-line elementor-widget elementor-widget-divider\" data-id=\"bc6575f\" data-element_type=\"widget\" data-e-type=\"widget\" data-settings=\"{&quot;wcf-animation&quot;:&quot;none&quot;}\" data-widget_type=\"divider.default\">\n\t\t\t\t<div class=\"elementor-widget-container\">\n\t\t\t\t\t\t\t<div class=\"elementor-divider\">\n\t\t\t<span class=\"elementor-divider-separator\">\n\t\t\t\t\t\t<\/span>\n\t\t<\/div>\n\t\t\t\t\t\t<\/div>\n\t\t\t\t<\/div>\n\t\t\t\t<div class=\"elementor-element elementor-element-233f334 wcf-t-animation-none elementor-widget elementor-widget-heading\" data-id=\"233f334\" data-element_type=\"widget\" data-e-type=\"widget\" data-settings=\"{&quot;wcf_text_animation&quot;:&quot;none&quot;,&quot;wcf-animation&quot;:&quot;none&quot;}\" data-widget_type=\"heading.default\">\n\t\t\t\t<div class=\"elementor-widget-container\">\n\t\t\t\t\t<h5 class=\"elementor-heading-title elementor-size-default\">9. Contenido Externo e Incrustado<\/h5>\t\t\t\t<\/div>\n\t\t\t\t<\/div>\n\t\t\t\t<div class=\"vamtam-has-theme-widget-styles elementor-element elementor-element-ed9e2c0 wcf-t-animation-none elementor-widget elementor-widget-text-editor\" data-id=\"ed9e2c0\" data-element_type=\"widget\" data-e-type=\"widget\" data-settings=\"{&quot;wcf_text_animation&quot;:&quot;none&quot;,&quot;wcf-animation&quot;:&quot;none&quot;}\" data-widget_type=\"text-editor.default\">\n\t\t\t\t<div class=\"elementor-widget-container\">\n\t\t\t\t\t\t\t\t\t<p>\u00a0Las p\u00e1ginas de este sitio pueden incluir contenido incrustado de otras webs (por ejemplo, v\u00eddeos, im\u00e1genes, publicaciones de Instagram, etc.). El contenido incrustado de otros sitios se comporta exactamente de la misma manera que si el visitante hubiera visitado el otro sitio web, pudiendo \u00e9stos recopilar datos sobre usted, usar cookies y rastrear su interacci\u00f3n con dicho contenido.<\/p><p>\u00a0<\/p>\t\t\t\t\t\t\t\t<\/div>\n\t\t\t\t<\/div>\n\t\t\t\t<div class=\"elementor-element elementor-element-e9ef4a3 elementor-widget-divider--view-line elementor-widget elementor-widget-divider\" data-id=\"e9ef4a3\" data-element_type=\"widget\" data-e-type=\"widget\" data-settings=\"{&quot;wcf-animation&quot;:&quot;none&quot;}\" data-widget_type=\"divider.default\">\n\t\t\t\t<div class=\"elementor-widget-container\">\n\t\t\t\t\t\t\t<div class=\"elementor-divider\">\n\t\t\t<span class=\"elementor-divider-separator\">\n\t\t\t\t\t\t<\/span>\n\t\t<\/div>\n\t\t\t\t\t\t<\/div>\n\t\t\t\t<\/div>\n\t\t\t\t<div class=\"elementor-element elementor-element-fdd18af wcf-t-animation-none elementor-widget elementor-widget-heading\" data-id=\"fdd18af\" data-element_type=\"widget\" data-e-type=\"widget\" data-settings=\"{&quot;wcf_text_animation&quot;:&quot;none&quot;,&quot;wcf-animation&quot;:&quot;none&quot;}\" data-widget_type=\"heading.default\">\n\t\t\t\t<div class=\"elementor-widget-container\">\n\t\t\t\t\t<h5 class=\"elementor-heading-title elementor-size-default\">10. Cambios en la Pol\u00edtica de Privacidad<\/h5>\t\t\t\t<\/div>\n\t\t\t\t<\/div>\n\t\t\t\t<div class=\"vamtam-has-theme-widget-styles elementor-element elementor-element-d7634a5 wcf-t-animation-none elementor-widget elementor-widget-text-editor\" data-id=\"d7634a5\" data-element_type=\"widget\" data-e-type=\"widget\" data-settings=\"{&quot;wcf_text_animation&quot;:&quot;none&quot;,&quot;wcf-animation&quot;:&quot;none&quot;}\" data-widget_type=\"text-editor.default\">\n\t\t\t\t<div class=\"elementor-widget-container\">\n\t\t\t\t\t\t\t\t\t<p>Centro de Masajes Mar\u00eda Herrera Dur\u00e1 se reserva el derecho de modificar la presente pol\u00edtica de privacidad para adaptarla a cambios legislativos o jurisprudenciales. En dichos supuestos, se informar\u00e1 en esta p\u00e1gina de los cambios introducidos con razonable antelaci\u00f3n a su puesta en pr\u00e1ctica.<\/p>\t\t\t\t\t\t\t\t<\/div>\n\t\t\t\t<\/div>\n\t\t\t\t\t<\/div>\n\t\t\t\t<\/div>\n\t\t\t\t<\/div>\n\t\t","protected":false},"excerpt":{"rendered":"<p>&nbsp;\u00daltima actualizaci\u00f3n: febrero de 2026 1. \u00bfQu\u00e9 son las cookies? Las cookies son peque\u00f1os archivos de texto que se almacenan en su dispositivo (ordenador, smartphone o tablet) cuando visita un sitio web. Sirven para recordar sus preferencias, mejorar su experiencia de navegaci\u00f3n y obtener informaci\u00f3n estad\u00edstica sobre el uso del sitio. 2. Tipos de cookies&#8230;<\/p>\n","protected":false},"author":1,"featured_media":0,"parent":23,"menu_order":0,"comment_status":"closed","ping_status":"closed","template":"","meta":{"footnotes":""},"class_list":["post-987872","page","type-page","status-publish","hentry"],"_links":{"self":[{"href":"https:\/\/beatodigital.es\/maria\/index.php\/wp-json\/wp\/v2\/pages\/987872","targetHints":{"allow":["GET"]}}],"collection":[{"href":"https:\/\/beatodigital.es\/maria\/index.php\/wp-json\/wp\/v2\/pages"}],"about":[{"href":"https:\/\/beatodigital.es\/maria\/index.php\/wp-json\/wp\/v2\/types\/page"}],"author":[{"embeddable":true,"href":"https:\/\/beatodigital.es\/maria\/index.php\/wp-json\/wp\/v2\/users\/1"}],"replies":[{"embeddable":true,"href":"https:\/\/beatodigital.es\/maria\/index.php\/wp-json\/wp\/v2\/comments?post=987872"}],"version-history":[{"count":0,"href":"https:\/\/beatodigital.es\/maria\/index.php\/wp-json\/wp\/v2\/pages\/987872\/revisions"}],"up":[{"embeddable":true,"href":"https:\/\/beatodigital.es\/maria\/index.php\/wp-json\/wp\/v2\/pages\/23"}],"wp:attachment":[{"href":"https:\/\/beatodigital.es\/maria\/index.php\/wp-json\/wp\/v2\/media?parent=987872"}],"curies":[{"name":"wp","href":"https:\/\/api.w.org\/{rel}","templated":true}]}}