{"id":1710,"date":"2025-09-15T11:08:47","date_gmt":"2025-09-15T11:08:47","guid":{"rendered":"https:\/\/flexora.vamtam.com\/?page_id=1710"},"modified":"2026-02-21T01:11:20","modified_gmt":"2026-02-21T01:11:20","slug":"privacy-policy","status":"publish","type":"page","link":"https:\/\/beatodigital.es\/maria\/index.php\/about\/privacy-policy\/","title":{"rendered":"Pol\u00edtica de privacidad"},"content":{"rendered":"\t\t<div data-elementor-type=\"wp-page\" data-elementor-id=\"1710\" class=\"elementor elementor-1710\" data-elementor-post-type=\"page\">\n\t\t\t\t<div class=\"elementor-element elementor-element-416324f animated-fast e-flex e-con-boxed elementor-invisible e-con e-parent\" data-id=\"416324f\" data-element_type=\"container\" data-e-type=\"container\" data-settings=\"{&quot;animation&quot;:&quot;fadeIn&quot;,&quot;animation_delay&quot;:100,&quot;wcf-animation&quot;:&quot;none&quot;,&quot;wcf_enable_pin_area&quot;:&quot;no&quot;,&quot;aae_enable_header_sticky_area&quot;:&quot;no&quot;,&quot;wcf_enable_horizontal_scroll&quot;:&quot;no&quot;,&quot;wcf_enable_cursor_hover_effect_text&quot;:&quot;View&quot;}\">\n\t\t\t\t\t<div class=\"e-con-inner\">\n\t\t\t\t<div class=\"elementor-element elementor-element-b474c48 wcf-t-animation-none elementor-widget elementor-widget-heading\" data-id=\"b474c48\" data-element_type=\"widget\" data-e-type=\"widget\" data-settings=\"{&quot;wcf_text_animation&quot;:&quot;none&quot;,&quot;wcf-animation&quot;:&quot;none&quot;}\" data-widget_type=\"heading.default\">\n\t\t\t\t<div class=\"elementor-widget-container\">\n\t\t\t\t\t<h5 class=\"elementor-heading-title elementor-size-default\">&nbsp;\u00daltima actualizaci\u00f3n: febrero de 2026<\/h5>\t\t\t\t<\/div>\n\t\t\t\t<\/div>\n\t\t\t\t<div class=\"elementor-element elementor-element-0d46fb3 wcf-t-animation-none elementor-widget elementor-widget-heading\" data-id=\"0d46fb3\" data-element_type=\"widget\" data-e-type=\"widget\" data-settings=\"{&quot;wcf_text_animation&quot;:&quot;none&quot;,&quot;wcf-animation&quot;:&quot;none&quot;}\" data-widget_type=\"heading.default\">\n\t\t\t\t<div class=\"elementor-widget-container\">\n\t\t\t\t\t<h5 class=\"elementor-heading-title elementor-size-default\">1. Responsable del Tratamiento<\/h5>\t\t\t\t<\/div>\n\t\t\t\t<\/div>\n\t\t\t\t<div class=\"vamtam-has-theme-widget-styles elementor-element elementor-element-dc01245 wcf-t-animation-none elementor-widget elementor-widget-text-editor\" data-id=\"dc01245\" data-element_type=\"widget\" data-e-type=\"widget\" data-settings=\"{&quot;wcf_text_animation&quot;:&quot;none&quot;,&quot;wcf-animation&quot;:&quot;none&quot;}\" data-widget_type=\"text-editor.default\">\n\t\t\t\t<div class=\"elementor-widget-container\">\n\t\t\t\t\t\t\t\t\t<p>\u00a0En cumplimiento del Reglamento (UE) 2016\/679 General de Protecci\u00f3n de Datos (RGPD) y la Ley Org\u00e1nica 3\/2018, de 5 de diciembre, de Protecci\u00f3n de Datos Personales y garant\u00eda de los derechos digitales (LOPDGDD), le informamos que los datos personales recabados a trav\u00e9s de este sitio web ser\u00e1n tratados por:<\/p><p><strong>Titular: Mar\u00eda Herrera Dur\u00e1<\/strong><\/p><p>Nombre comercial: Centro de Masajes Mar\u00eda Herrera Dur\u00e1<\/p><p>Localidad: Castalla, Alicante, Espa\u00f1a<\/p><p>Correo electr\u00f3nico de contacto: [correo@centromasajesmaria.es]<\/p><p>\u00a0<\/p>\t\t\t\t\t\t\t\t<\/div>\n\t\t\t\t<\/div>\n\t\t\t\t<div class=\"elementor-element elementor-element-5effea6 elementor-widget-divider--view-line elementor-widget elementor-widget-divider\" data-id=\"5effea6\" data-element_type=\"widget\" data-e-type=\"widget\" data-settings=\"{&quot;wcf-animation&quot;:&quot;none&quot;}\" data-widget_type=\"divider.default\">\n\t\t\t\t<div class=\"elementor-widget-container\">\n\t\t\t\t\t\t\t<div class=\"elementor-divider\">\n\t\t\t<span class=\"elementor-divider-separator\">\n\t\t\t\t\t\t<\/span>\n\t\t<\/div>\n\t\t\t\t\t\t<\/div>\n\t\t\t\t<\/div>\n\t\t\t\t<div class=\"elementor-element elementor-element-6afc27d wcf-t-animation-none elementor-widget elementor-widget-heading\" data-id=\"6afc27d\" data-element_type=\"widget\" data-e-type=\"widget\" data-settings=\"{&quot;wcf_text_animation&quot;:&quot;none&quot;,&quot;wcf-animation&quot;:&quot;none&quot;}\" data-widget_type=\"heading.default\">\n\t\t\t\t<div class=\"elementor-widget-container\">\n\t\t\t\t\t<h5 class=\"elementor-heading-title elementor-size-default\">2. Finalidad del Tratamiento de Datos<\/h5>\t\t\t\t<\/div>\n\t\t\t\t<\/div>\n\t\t\t\t<div class=\"vamtam-has-theme-widget-styles elementor-element elementor-element-4d86acf wcf-t-animation-none elementor-widget elementor-widget-text-editor\" data-id=\"4d86acf\" data-element_type=\"widget\" data-e-type=\"widget\" data-settings=\"{&quot;wcf_text_animation&quot;:&quot;none&quot;,&quot;wcf-animation&quot;:&quot;none&quot;}\" data-widget_type=\"text-editor.default\">\n\t\t\t\t<div class=\"elementor-widget-container\">\n\t\t\t\t\t\t\t\t\t<p>Los datos personales que nos facilite ser\u00e1n utilizados para las siguientes finalidades:<\/p><ul><li>Gesti\u00f3n de citas y reservas de tratamientos de masaje y terapias.<\/li><li>Comunicaci\u00f3n con los clientes para confirmar, modificar o cancelar citas.<\/li><li>Env\u00edo de informaci\u00f3n sobre promociones, novedades y servicios del centro, siempre que el usuario haya dado su consentimiento expreso.<\/li><li>Atenci\u00f3n de consultas, reclamaciones y solicitudes de informaci\u00f3n.<\/li><li>Cumplimiento de obligaciones legales aplicables.<\/li><\/ul>\t\t\t\t\t\t\t\t<\/div>\n\t\t\t\t<\/div>\n\t\t\t\t<div class=\"elementor-element elementor-element-e3d7fd8 elementor-widget-divider--view-line elementor-widget elementor-widget-divider\" data-id=\"e3d7fd8\" data-element_type=\"widget\" data-e-type=\"widget\" data-settings=\"{&quot;wcf-animation&quot;:&quot;none&quot;}\" data-widget_type=\"divider.default\">\n\t\t\t\t<div class=\"elementor-widget-container\">\n\t\t\t\t\t\t\t<div class=\"elementor-divider\">\n\t\t\t<span class=\"elementor-divider-separator\">\n\t\t\t\t\t\t<\/span>\n\t\t<\/div>\n\t\t\t\t\t\t<\/div>\n\t\t\t\t<\/div>\n\t\t\t\t<div class=\"elementor-element elementor-element-2f92fd0 wcf-t-animation-none elementor-widget elementor-widget-heading\" data-id=\"2f92fd0\" data-element_type=\"widget\" data-e-type=\"widget\" data-settings=\"{&quot;wcf_text_animation&quot;:&quot;none&quot;,&quot;wcf-animation&quot;:&quot;none&quot;}\" data-widget_type=\"heading.default\">\n\t\t\t\t<div class=\"elementor-widget-container\">\n\t\t\t\t\t<h5 class=\"elementor-heading-title elementor-size-default\">3. Legitimaci\u00f3n para el Tratamiento<\/h5>\t\t\t\t<\/div>\n\t\t\t\t<\/div>\n\t\t\t\t<div class=\"vamtam-has-theme-widget-styles elementor-element elementor-element-0a0ecf8 wcf-t-animation-none elementor-widget elementor-widget-text-editor\" data-id=\"0a0ecf8\" data-element_type=\"widget\" data-e-type=\"widget\" data-settings=\"{&quot;wcf_text_animation&quot;:&quot;none&quot;,&quot;wcf-animation&quot;:&quot;none&quot;}\" data-widget_type=\"text-editor.default\">\n\t\t\t\t<div class=\"elementor-widget-container\">\n\t\t\t\t\t\t\t\t\t<p>La base legal para el tratamiento de sus datos personales es:<\/p><ul><li>Ejecuci\u00f3n de un contrato: cuando la relaci\u00f3n se establece para la prestaci\u00f3n de los servicios de masaje y terapias.<\/li><li>Consentimiento del interesado: para el env\u00edo de comunicaciones comerciales y suscripci\u00f3n a newsletter.<\/li><li>Inter\u00e9s leg\u00edtimo: para la gesti\u00f3n interna y mejora de nuestros servicios.<\/li><li>Obligaci\u00f3n legal: para cumplir con la normativa vigente aplicable a la actividad.<\/li><\/ul><p>\u00a0<\/p>\t\t\t\t\t\t\t\t<\/div>\n\t\t\t\t<\/div>\n\t\t\t\t<div class=\"elementor-element elementor-element-afac7b1 elementor-widget-divider--view-line elementor-widget elementor-widget-divider\" data-id=\"afac7b1\" data-element_type=\"widget\" data-e-type=\"widget\" data-settings=\"{&quot;wcf-animation&quot;:&quot;none&quot;}\" data-widget_type=\"divider.default\">\n\t\t\t\t<div class=\"elementor-widget-container\">\n\t\t\t\t\t\t\t<div class=\"elementor-divider\">\n\t\t\t<span class=\"elementor-divider-separator\">\n\t\t\t\t\t\t<\/span>\n\t\t<\/div>\n\t\t\t\t\t\t<\/div>\n\t\t\t\t<\/div>\n\t\t\t\t<div class=\"elementor-element elementor-element-545543e wcf-t-animation-none elementor-widget elementor-widget-heading\" data-id=\"545543e\" data-element_type=\"widget\" data-e-type=\"widget\" data-settings=\"{&quot;wcf_text_animation&quot;:&quot;none&quot;,&quot;wcf-animation&quot;:&quot;none&quot;}\" data-widget_type=\"heading.default\">\n\t\t\t\t<div class=\"elementor-widget-container\">\n\t\t\t\t\t<h5 class=\"elementor-heading-title elementor-size-default\">4. Conservaci\u00f3n de los Datos<\/h5>\t\t\t\t<\/div>\n\t\t\t\t<\/div>\n\t\t\t\t<div class=\"vamtam-has-theme-widget-styles elementor-element elementor-element-e6ee543 wcf-t-animation-none elementor-widget elementor-widget-text-editor\" data-id=\"e6ee543\" data-element_type=\"widget\" data-e-type=\"widget\" data-settings=\"{&quot;wcf_text_animation&quot;:&quot;none&quot;,&quot;wcf-animation&quot;:&quot;none&quot;}\" data-widget_type=\"text-editor.default\">\n\t\t\t\t<div class=\"elementor-widget-container\">\n\t\t\t\t\t\t\t\t\t<p>\u00a0Los datos personales se conservar\u00e1n durante el tiempo necesario para cumplir con la finalidad para la que fueron recabados y para atender las posibles responsabilidades legales derivadas de dicha finalidad. En general:<\/p><ul><li><p>Datos de citas y clientes: se conservar\u00e1n durante la vigencia de la relaci\u00f3n comercial y, posteriormente, durante los plazos de prescripci\u00f3n legal aplicables (generalmente 5 a\u00f1os).<\/p><\/li><li><p>Datos de comunicaciones comerciales: hasta que el interesado retire su consentimiento.<\/p><\/li><\/ul><p>\u00a0<\/p>\t\t\t\t\t\t\t\t<\/div>\n\t\t\t\t<\/div>\n\t\t\t\t<div class=\"elementor-element elementor-element-46885fe elementor-widget-divider--view-line elementor-widget elementor-widget-divider\" data-id=\"46885fe\" data-element_type=\"widget\" data-e-type=\"widget\" data-settings=\"{&quot;wcf-animation&quot;:&quot;none&quot;}\" data-widget_type=\"divider.default\">\n\t\t\t\t<div class=\"elementor-widget-container\">\n\t\t\t\t\t\t\t<div class=\"elementor-divider\">\n\t\t\t<span class=\"elementor-divider-separator\">\n\t\t\t\t\t\t<\/span>\n\t\t<\/div>\n\t\t\t\t\t\t<\/div>\n\t\t\t\t<\/div>\n\t\t\t\t<div class=\"elementor-element elementor-element-86a8ec4 wcf-t-animation-none elementor-widget elementor-widget-heading\" data-id=\"86a8ec4\" data-element_type=\"widget\" data-e-type=\"widget\" data-settings=\"{&quot;wcf_text_animation&quot;:&quot;none&quot;,&quot;wcf-animation&quot;:&quot;none&quot;}\" data-widget_type=\"heading.default\">\n\t\t\t\t<div class=\"elementor-widget-container\">\n\t\t\t\t\t<h5 class=\"elementor-heading-title elementor-size-default\">5. Destinatarios de los Datos<\/h5>\t\t\t\t<\/div>\n\t\t\t\t<\/div>\n\t\t\t\t<div class=\"vamtam-has-theme-widget-styles elementor-element elementor-element-3d824df wcf-t-animation-none elementor-widget elementor-widget-text-editor\" data-id=\"3d824df\" data-element_type=\"widget\" data-e-type=\"widget\" data-settings=\"{&quot;wcf_text_animation&quot;:&quot;none&quot;,&quot;wcf-animation&quot;:&quot;none&quot;}\" data-widget_type=\"text-editor.default\">\n\t\t\t\t<div class=\"elementor-widget-container\">\n\t\t\t\t\t\t\t\t\t<p>\u00a0Los datos personales no ser\u00e1n cedidos a terceros, salvo en los siguientes casos:<\/p><ul><li>Cuando exista una obligaci\u00f3n legal que as\u00ed lo exija.<\/li><li>Proveedores de servicios tecnol\u00f3gicos (hosting, email, sistema de reservas) que act\u00faan como encargados del tratamiento bajo las garant\u00edas exigidas por la normativa vigente.<\/li><\/ul><p>No se realizan transferencias internacionales de datos fuera del Espacio Econ\u00f3mico Europeo, salvo con proveedores que ofrezcan garant\u00edas adecuadas conforme al RGPD.<\/p><p>\u00a0<\/p>\t\t\t\t\t\t\t\t<\/div>\n\t\t\t\t<\/div>\n\t\t\t\t<div class=\"elementor-element elementor-element-0334977 elementor-widget-divider--view-line elementor-widget elementor-widget-divider\" data-id=\"0334977\" data-element_type=\"widget\" data-e-type=\"widget\" data-settings=\"{&quot;wcf-animation&quot;:&quot;none&quot;}\" data-widget_type=\"divider.default\">\n\t\t\t\t<div class=\"elementor-widget-container\">\n\t\t\t\t\t\t\t<div class=\"elementor-divider\">\n\t\t\t<span class=\"elementor-divider-separator\">\n\t\t\t\t\t\t<\/span>\n\t\t<\/div>\n\t\t\t\t\t\t<\/div>\n\t\t\t\t<\/div>\n\t\t\t\t<div class=\"elementor-element elementor-element-22d9163 wcf-t-animation-none elementor-widget elementor-widget-heading\" data-id=\"22d9163\" data-element_type=\"widget\" data-e-type=\"widget\" data-settings=\"{&quot;wcf_text_animation&quot;:&quot;none&quot;,&quot;wcf-animation&quot;:&quot;none&quot;}\" data-widget_type=\"heading.default\">\n\t\t\t\t<div class=\"elementor-widget-container\">\n\t\t\t\t\t<h5 class=\"elementor-heading-title elementor-size-default\">6. Derechos de los Interesados<\/h5>\t\t\t\t<\/div>\n\t\t\t\t<\/div>\n\t\t\t\t<div class=\"vamtam-has-theme-widget-styles elementor-element elementor-element-10eaa66 wcf-t-animation-none elementor-widget elementor-widget-text-editor\" data-id=\"10eaa66\" data-element_type=\"widget\" data-e-type=\"widget\" data-settings=\"{&quot;wcf_text_animation&quot;:&quot;none&quot;,&quot;wcf-animation&quot;:&quot;none&quot;}\" data-widget_type=\"text-editor.default\">\n\t\t\t\t<div class=\"elementor-widget-container\">\n\t\t\t\t\t\t\t\t\t<p>\u00a0Puede ejercer los siguientes derechos en relaci\u00f3n con sus datos personales:<\/p><ul><li>Acceso: conocer qu\u00e9 datos suyos tratamos.<\/li><li>Rectificaci\u00f3n: solicitar la correcci\u00f3n de datos inexactos.<\/li><li>Supresi\u00f3n: solicitar la eliminaci\u00f3n de sus datos cuando no sean necesarios.<\/li><li>Oposici\u00f3n: oponerse al tratamiento de sus datos en determinadas circunstancias.<\/li><li>Limitaci\u00f3n del tratamiento: solicitar que suspendamos el uso de sus datos.<\/li><li>Portabilidad: recibir sus datos en un formato estructurado y de uso com\u00fan.<\/li><\/ul><p>Para ejercer estos derechos, puede contactarnos por correo electr\u00f3nico a [correo@centromasajesmaria.es], adjuntando una copia de su DNI u otro documento identificativo.<\/p><p>Si considera que el tratamiento no se ajusta a la normativa vigente, puede presentar una reclamaci\u00f3n ante la Agencia Espa\u00f1ola de Protecci\u00f3n de Datos (AEPD) en www.aepd.es.<\/p>\t\t\t\t\t\t\t\t<\/div>\n\t\t\t\t<\/div>\n\t\t\t\t<div class=\"elementor-element elementor-element-0e39c87 elementor-widget-divider--view-line elementor-widget elementor-widget-divider\" data-id=\"0e39c87\" data-element_type=\"widget\" data-e-type=\"widget\" data-settings=\"{&quot;wcf-animation&quot;:&quot;none&quot;}\" data-widget_type=\"divider.default\">\n\t\t\t\t<div class=\"elementor-widget-container\">\n\t\t\t\t\t\t\t<div class=\"elementor-divider\">\n\t\t\t<span class=\"elementor-divider-separator\">\n\t\t\t\t\t\t<\/span>\n\t\t<\/div>\n\t\t\t\t\t\t<\/div>\n\t\t\t\t<\/div>\n\t\t\t\t<div class=\"elementor-element elementor-element-5010929 wcf-t-animation-none elementor-widget elementor-widget-heading\" data-id=\"5010929\" data-element_type=\"widget\" data-e-type=\"widget\" data-settings=\"{&quot;wcf_text_animation&quot;:&quot;none&quot;,&quot;wcf-animation&quot;:&quot;none&quot;}\" data-widget_type=\"heading.default\">\n\t\t\t\t<div class=\"elementor-widget-container\">\n\t\t\t\t\t<h5 class=\"elementor-heading-title elementor-size-default\">7. Comentarios y Formularios Web<\/h5>\t\t\t\t<\/div>\n\t\t\t\t<\/div>\n\t\t\t\t<div class=\"vamtam-has-theme-widget-styles elementor-element elementor-element-499dcc2 wcf-t-animation-none elementor-widget elementor-widget-text-editor\" data-id=\"499dcc2\" data-element_type=\"widget\" data-e-type=\"widget\" data-settings=\"{&quot;wcf_text_animation&quot;:&quot;none&quot;,&quot;wcf-animation&quot;:&quot;none&quot;}\" data-widget_type=\"text-editor.default\">\n\t\t\t\t<div class=\"elementor-widget-container\">\n\t\t\t\t\t\t\t\t\t<p>\u00a0Cuando los visitantes dejan comentarios en el sitio web, recopilamos los datos que aparecen en el formulario de comentarios, as\u00ed como la direcci\u00f3n IP del visitante y la cadena del agente de usuario del navegador, para ayudar a la detecci\u00f3n de spam. Los comentarios est\u00e1n sujetos a moderaci\u00f3n antes de su publicaci\u00f3n.<\/p>\t\t\t\t\t\t\t\t<\/div>\n\t\t\t\t<\/div>\n\t\t\t\t<div class=\"elementor-element elementor-element-3f82b84 elementor-widget-divider--view-line elementor-widget elementor-widget-divider\" data-id=\"3f82b84\" data-element_type=\"widget\" data-e-type=\"widget\" data-settings=\"{&quot;wcf-animation&quot;:&quot;none&quot;}\" data-widget_type=\"divider.default\">\n\t\t\t\t<div class=\"elementor-widget-container\">\n\t\t\t\t\t\t\t<div class=\"elementor-divider\">\n\t\t\t<span class=\"elementor-divider-separator\">\n\t\t\t\t\t\t<\/span>\n\t\t<\/div>\n\t\t\t\t\t\t<\/div>\n\t\t\t\t<\/div>\n\t\t\t\t<div class=\"elementor-element elementor-element-d54c934 wcf-t-animation-none elementor-widget elementor-widget-heading\" data-id=\"d54c934\" data-element_type=\"widget\" data-e-type=\"widget\" data-settings=\"{&quot;wcf_text_animation&quot;:&quot;none&quot;,&quot;wcf-animation&quot;:&quot;none&quot;}\" data-widget_type=\"heading.default\">\n\t\t\t\t<div class=\"elementor-widget-container\">\n\t\t\t\t\t<h5 class=\"elementor-heading-title elementor-size-default\">8. Im\u00e1genes y Contenido Multimedia<\/h5>\t\t\t\t<\/div>\n\t\t\t\t<\/div>\n\t\t\t\t<div class=\"vamtam-has-theme-widget-styles elementor-element elementor-element-cd91d96 wcf-t-animation-none elementor-widget elementor-widget-text-editor\" data-id=\"cd91d96\" data-element_type=\"widget\" data-e-type=\"widget\" data-settings=\"{&quot;wcf_text_animation&quot;:&quot;none&quot;,&quot;wcf-animation&quot;:&quot;none&quot;}\" data-widget_type=\"text-editor.default\">\n\t\t\t\t<div class=\"elementor-widget-container\">\n\t\t\t\t\t\t\t\t\t<p>\u00a0Si sube im\u00e1genes al sitio web, debe evitar subir im\u00e1genes con datos de ubicaci\u00f3n integrados (GPS EXIF). Los visitantes del sitio web pueden descargar y extraer cualquier dato de ubicaci\u00f3n de las im\u00e1genes publicadas. Le recomendamos eliminar estos datos antes de compartir cualquier imagen.<\/p>\t\t\t\t\t\t\t\t<\/div>\n\t\t\t\t<\/div>\n\t\t\t\t<div class=\"elementor-element elementor-element-bc6575f elementor-widget-divider--view-line elementor-widget elementor-widget-divider\" data-id=\"bc6575f\" data-element_type=\"widget\" data-e-type=\"widget\" data-settings=\"{&quot;wcf-animation&quot;:&quot;none&quot;}\" data-widget_type=\"divider.default\">\n\t\t\t\t<div class=\"elementor-widget-container\">\n\t\t\t\t\t\t\t<div class=\"elementor-divider\">\n\t\t\t<span class=\"elementor-divider-separator\">\n\t\t\t\t\t\t<\/span>\n\t\t<\/div>\n\t\t\t\t\t\t<\/div>\n\t\t\t\t<\/div>\n\t\t\t\t<div class=\"elementor-element elementor-element-233f334 wcf-t-animation-none elementor-widget elementor-widget-heading\" data-id=\"233f334\" data-element_type=\"widget\" data-e-type=\"widget\" data-settings=\"{&quot;wcf_text_animation&quot;:&quot;none&quot;,&quot;wcf-animation&quot;:&quot;none&quot;}\" data-widget_type=\"heading.default\">\n\t\t\t\t<div class=\"elementor-widget-container\">\n\t\t\t\t\t<h5 class=\"elementor-heading-title elementor-size-default\">9. Contenido Externo e Incrustado<\/h5>\t\t\t\t<\/div>\n\t\t\t\t<\/div>\n\t\t\t\t<div class=\"vamtam-has-theme-widget-styles elementor-element elementor-element-ed9e2c0 wcf-t-animation-none elementor-widget elementor-widget-text-editor\" data-id=\"ed9e2c0\" data-element_type=\"widget\" data-e-type=\"widget\" data-settings=\"{&quot;wcf_text_animation&quot;:&quot;none&quot;,&quot;wcf-animation&quot;:&quot;none&quot;}\" data-widget_type=\"text-editor.default\">\n\t\t\t\t<div class=\"elementor-widget-container\">\n\t\t\t\t\t\t\t\t\t<p>\u00a0Las p\u00e1ginas de este sitio pueden incluir contenido incrustado de otras webs (por ejemplo, v\u00eddeos, im\u00e1genes, publicaciones de Instagram, etc.). El contenido incrustado de otros sitios se comporta exactamente de la misma manera que si el visitante hubiera visitado el otro sitio web, pudiendo \u00e9stos recopilar datos sobre usted, usar cookies y rastrear su interacci\u00f3n con dicho contenido.<\/p><p>\u00a0<\/p>\t\t\t\t\t\t\t\t<\/div>\n\t\t\t\t<\/div>\n\t\t\t\t<div class=\"elementor-element elementor-element-e9ef4a3 elementor-widget-divider--view-line elementor-widget elementor-widget-divider\" data-id=\"e9ef4a3\" data-element_type=\"widget\" data-e-type=\"widget\" data-settings=\"{&quot;wcf-animation&quot;:&quot;none&quot;}\" data-widget_type=\"divider.default\">\n\t\t\t\t<div class=\"elementor-widget-container\">\n\t\t\t\t\t\t\t<div class=\"elementor-divider\">\n\t\t\t<span class=\"elementor-divider-separator\">\n\t\t\t\t\t\t<\/span>\n\t\t<\/div>\n\t\t\t\t\t\t<\/div>\n\t\t\t\t<\/div>\n\t\t\t\t<div class=\"elementor-element elementor-element-fdd18af wcf-t-animation-none elementor-widget elementor-widget-heading\" data-id=\"fdd18af\" data-element_type=\"widget\" data-e-type=\"widget\" data-settings=\"{&quot;wcf_text_animation&quot;:&quot;none&quot;,&quot;wcf-animation&quot;:&quot;none&quot;}\" data-widget_type=\"heading.default\">\n\t\t\t\t<div class=\"elementor-widget-container\">\n\t\t\t\t\t<h5 class=\"elementor-heading-title elementor-size-default\">10. Cambios en la Pol\u00edtica de Privacidad<\/h5>\t\t\t\t<\/div>\n\t\t\t\t<\/div>\n\t\t\t\t<div class=\"vamtam-has-theme-widget-styles elementor-element elementor-element-d7634a5 wcf-t-animation-none elementor-widget elementor-widget-text-editor\" data-id=\"d7634a5\" data-element_type=\"widget\" data-e-type=\"widget\" data-settings=\"{&quot;wcf_text_animation&quot;:&quot;none&quot;,&quot;wcf-animation&quot;:&quot;none&quot;}\" data-widget_type=\"text-editor.default\">\n\t\t\t\t<div class=\"elementor-widget-container\">\n\t\t\t\t\t\t\t\t\t<p>Centro de Masajes Mar\u00eda Herrera Dur\u00e1 se reserva el derecho de modificar la presente pol\u00edtica de privacidad para adaptarla a cambios legislativos o jurisprudenciales. En dichos supuestos, se informar\u00e1 en esta p\u00e1gina de los cambios introducidos con razonable antelaci\u00f3n a su puesta en pr\u00e1ctica.<\/p>\t\t\t\t\t\t\t\t<\/div>\n\t\t\t\t<\/div>\n\t\t\t\t\t<\/div>\n\t\t\t\t<\/div>\n\t\t\t\t<\/div>\n\t\t","protected":false},"excerpt":{"rendered":"<p>&nbsp;\u00daltima actualizaci\u00f3n: febrero de 2026 1. Responsable del Tratamiento \u00a0En cumplimiento del Reglamento (UE) 2016\/679 General de Protecci\u00f3n de Datos (RGPD) y la Ley Org\u00e1nica 3\/2018, de 5 de diciembre, de Protecci\u00f3n de Datos Personales y garant\u00eda de los derechos digitales (LOPDGDD), le informamos que los datos personales recabados a trav\u00e9s de este sitio web&#8230;<\/p>\n","protected":false},"author":1,"featured_media":0,"parent":23,"menu_order":0,"comment_status":"closed","ping_status":"closed","template":"","meta":{"footnotes":""},"class_list":["post-1710","page","type-page","status-publish","hentry"],"_links":{"self":[{"href":"https:\/\/beatodigital.es\/maria\/index.php\/wp-json\/wp\/v2\/pages\/1710","targetHints":{"allow":["GET"]}}],"collection":[{"href":"https:\/\/beatodigital.es\/maria\/index.php\/wp-json\/wp\/v2\/pages"}],"about":[{"href":"https:\/\/beatodigital.es\/maria\/index.php\/wp-json\/wp\/v2\/types\/page"}],"author":[{"embeddable":true,"href":"https:\/\/beatodigital.es\/maria\/index.php\/wp-json\/wp\/v2\/users\/1"}],"replies":[{"embeddable":true,"href":"https:\/\/beatodigital.es\/maria\/index.php\/wp-json\/wp\/v2\/comments?post=1710"}],"version-history":[{"count":0,"href":"https:\/\/beatodigital.es\/maria\/index.php\/wp-json\/wp\/v2\/pages\/1710\/revisions"}],"up":[{"embeddable":true,"href":"https:\/\/beatodigital.es\/maria\/index.php\/wp-json\/wp\/v2\/pages\/23"}],"wp:attachment":[{"href":"https:\/\/beatodigital.es\/maria\/index.php\/wp-json\/wp\/v2\/media?parent=1710"}],"curies":[{"name":"wp","href":"https:\/\/api.w.org\/{rel}","templated":true}]}}