{"id":107,"date":"2026-01-20T20:20:59","date_gmt":"2026-01-20T20:20:59","guid":{"rendered":"https:\/\/beatodigital.es\/fontaneria\/?page_id=107"},"modified":"2026-01-23T18:19:04","modified_gmt":"2026-01-23T18:19:04","slug":"accesibilidad","status":"publish","type":"page","link":"https:\/\/beatodigital.es\/fontaneria\/index.php\/accesibilidad\/","title":{"rendered":"Accesibilidad"},"content":{"rendered":"\t\t<div data-elementor-type=\"wp-page\" data-elementor-id=\"107\" class=\"elementor elementor-107\" data-elementor-post-type=\"page\">\n\t\t\t\t<div class=\"elementor-element elementor-element-bb9f96d e-flex e-con-boxed e-con e-parent\" data-id=\"bb9f96d\" data-element_type=\"container\" data-e-type=\"container\">\n\t\t\t\t\t<div class=\"e-con-inner\">\n\t\t\t\t\t<\/div>\n\t\t\t\t<\/div>\n\t\t<div class=\"elementor-element elementor-element-35bd296 e-flex e-con-boxed e-con e-parent\" data-id=\"35bd296\" data-element_type=\"container\" data-e-type=\"container\">\n\t\t\t\t\t<div class=\"e-con-inner\">\n\t\t\t\t<div class=\"elementor-element elementor-element-352e2ed elementor-widget elementor-widget-heading\" data-id=\"352e2ed\" data-element_type=\"widget\" data-e-type=\"widget\" data-widget_type=\"heading.default\">\n\t\t\t\t\t<h5 class=\"elementor-heading-title elementor-size-default\">1. Compromiso de Accesibilidad Fontaner\u00eda en Ibi<\/h5>\t\t\t\t<\/div>\n\t\t\t\t\t<\/div>\n\t\t\t\t<\/div>\n\t\t<div class=\"elementor-element elementor-element-cfdc75b e-flex e-con-boxed e-con e-parent\" data-id=\"cfdc75b\" data-element_type=\"container\" data-e-type=\"container\">\n\t\t\t\t\t<div class=\"e-con-inner\">\n\t\t\t\t<div class=\"elementor-element elementor-element-b0c6f4b elementor-widget elementor-widget-text-editor\" data-id=\"b0c6f4b\" data-element_type=\"widget\" data-e-type=\"widget\" data-widget_type=\"text-editor.default\">\n\t\t\t\t\t\t\t\t\t<p data-path-to-node=\"5\">se compromete a hacer accesible su sitio web de conformidad con la normativa vigente en materia de accesibilidad y a seguir las Pautas de Accesibilidad para el Contenido Web (WCAG 2.1).<\/p><p data-path-to-node=\"6\">Nuestro objetivo es garantizar que todas las personas, independientemente de sus capacidades f\u00edsicas, sensoriales o intelectuales, y de su situaci\u00f3n t\u00e9cnica (tipo de dispositivo, conexi\u00f3n, etc.), puedan acceder a la informaci\u00f3n y servicios de nuestro sitio web en igualdad de condiciones.<\/p>\t\t\t\t\t\t\t\t<\/div>\n\t\t\t\t\t<\/div>\n\t\t\t\t<\/div>\n\t\t<div class=\"elementor-element elementor-element-7937b4d e-flex e-con-boxed e-con e-parent\" data-id=\"7937b4d\" data-element_type=\"container\" data-e-type=\"container\">\n\t\t\t\t\t<div class=\"e-con-inner\">\n\t\t\t\t<div class=\"elementor-element elementor-element-87054ab elementor-widget elementor-widget-heading\" data-id=\"87054ab\" data-element_type=\"widget\" data-e-type=\"widget\" data-widget_type=\"heading.default\">\n\t\t\t\t\t<h5 class=\"elementor-heading-title elementor-size-default\">2. Situaci\u00f3n de cumplimiento<\/h5>\t\t\t\t<\/div>\n\t\t\t\t\t<\/div>\n\t\t\t\t<\/div>\n\t\t<div class=\"elementor-element elementor-element-b7ce789 e-flex e-con-boxed e-con e-parent\" data-id=\"b7ce789\" data-element_type=\"container\" data-e-type=\"container\">\n\t\t\t\t\t<div class=\"e-con-inner\">\n\t\t\t\t<div class=\"elementor-element elementor-element-fff7d26 elementor-widget elementor-widget-text-editor\" data-id=\"fff7d26\" data-element_type=\"widget\" data-e-type=\"widget\" data-widget_type=\"text-editor.default\">\n\t\t\t\t\t\t\t\t\t<p>Este sitio web es <b data-path-to-node=\"7\" data-index-in-node=\"47\">parcialmente conforme<\/b> con el Real Decreto 1112\/2018 (normativa espa\u00f1ola base sobre accesibilidad web), debido a la falta de conformidad de algunos aspectos t\u00e9cnicos que detallamos a continuaci\u00f3n.<\/p>\t\t\t\t\t\t\t\t<\/div>\n\t\t\t\t\t<\/div>\n\t\t\t\t<\/div>\n\t\t<div class=\"elementor-element elementor-element-c903c85 e-flex e-con-boxed e-con e-parent\" data-id=\"c903c85\" data-element_type=\"container\" data-e-type=\"container\">\n\t\t\t\t\t<div class=\"e-con-inner\">\n\t\t\t\t<div class=\"elementor-element elementor-element-3833e7d elementor-widget elementor-widget-heading\" data-id=\"3833e7d\" data-element_type=\"widget\" data-e-type=\"widget\" data-widget_type=\"heading.default\">\n\t\t\t\t\t<h5 class=\"elementor-heading-title elementor-size-default\">3. Contenido no accesible<\/h5>\t\t\t\t<\/div>\n\t\t\t\t\t<\/div>\n\t\t\t\t<\/div>\n\t\t<div class=\"elementor-element elementor-element-41aed26 e-flex e-con-boxed e-con e-parent\" data-id=\"41aed26\" data-element_type=\"container\" data-e-type=\"container\">\n\t\t\t\t\t<div class=\"e-con-inner\">\n\t\t\t\t<div class=\"elementor-element elementor-element-8a15b70 elementor-widget elementor-widget-text-editor\" data-id=\"8a15b70\" data-element_type=\"widget\" data-e-type=\"widget\" data-widget_type=\"text-editor.default\">\n\t\t\t\t\t\t\t\t\t<p data-path-to-node=\"8\">A pesar de nuestro esfuerzo, es posible que algunos contenidos no sean plenamente accesibles por los siguientes motivos:<\/p><ul data-path-to-node=\"9\"><li><p data-path-to-node=\"9,0,0\">Podr\u00edan existir fallos puntuales de edici\u00f3n en alguna p\u00e1gina web o documento PDF.<\/p><\/li><li><p data-path-to-node=\"9,1,0\">Algunos contrastes de color en elementos antiguos podr\u00edan no cumplir con el est\u00e1ndar AA.<\/p><\/li><li><p data-path-to-node=\"9,2,0\">Algunas im\u00e1genes podr\u00edan carecer de texto alternativo descriptivo.<\/p><\/li><\/ul><p data-path-to-node=\"10\">Si encuentra alg\u00fan problema de este tipo, le rogamos que nos lo comunique para solucionarlo lo antes posible.<\/p>\t\t\t\t\t\t\t\t<\/div>\n\t\t\t\t\t<\/div>\n\t\t\t\t<\/div>\n\t\t<div class=\"elementor-element elementor-element-61bb98f e-flex e-con-boxed e-con e-parent\" data-id=\"61bb98f\" data-element_type=\"container\" data-e-type=\"container\">\n\t\t\t\t\t<div class=\"e-con-inner\">\n\t\t\t\t<div class=\"elementor-element elementor-element-cf10847 elementor-widget elementor-widget-heading\" data-id=\"cf10847\" data-element_type=\"widget\" data-e-type=\"widget\" data-widget_type=\"heading.default\">\n\t\t\t\t\t<h5 class=\"elementor-heading-title elementor-size-default\">4. Preparaci\u00f3n de la presente declaraci\u00f3n La presente declaraci\u00f3n fue preparada el 21 de enero del 2026.<\/h5>\t\t\t\t<\/div>\n\t\t\t\t\t<\/div>\n\t\t\t\t<\/div>\n\t\t<div class=\"elementor-element elementor-element-5282368 e-flex e-con-boxed e-con e-parent\" data-id=\"5282368\" data-element_type=\"container\" data-e-type=\"container\">\n\t\t\t\t\t<div class=\"e-con-inner\">\n\t\t\t\t<div class=\"elementor-element elementor-element-f5b940f elementor-widget elementor-widget-text-editor\" data-id=\"f5b940f\" data-element_type=\"widget\" data-e-type=\"widget\" data-widget_type=\"text-editor.default\">\n\t\t\t\t\t\t\t\t\t<p data-path-to-node=\"7\">El m\u00e9todo empleado para preparar la declaraci\u00f3n ha sido una autoevaluaci\u00f3n llevada a cabo por el propio equipo t\u00e9cnico de la web.<\/p>\t\t\t\t\t\t\t\t<\/div>\n\t\t\t\t\t<\/div>\n\t\t\t\t<\/div>\n\t\t<div class=\"elementor-element elementor-element-526946c e-flex e-con-boxed e-con e-parent\" data-id=\"526946c\" data-element_type=\"container\" data-e-type=\"container\">\n\t\t\t\t\t<div class=\"e-con-inner\">\n\t\t\t\t<div class=\"elementor-element elementor-element-012dd12 elementor-widget elementor-widget-heading\" data-id=\"012dd12\" data-element_type=\"widget\" data-e-type=\"widget\" data-widget_type=\"heading.default\">\n\t\t\t\t\t<h5 class=\"elementor-heading-title elementor-size-default\">5. Comunicaciones y Solicitudes<\/h5>\t\t\t\t<\/div>\n\t\t\t\t\t<\/div>\n\t\t\t\t<\/div>\n\t\t<div class=\"elementor-element elementor-element-87c2611 e-flex e-con-boxed e-con e-parent\" data-id=\"87c2611\" data-element_type=\"container\" data-e-type=\"container\">\n\t\t\t\t\t<div class=\"e-con-inner\">\n\t\t\t\t<div class=\"elementor-element elementor-element-23f0535 elementor-widget elementor-widget-text-editor\" data-id=\"23f0535\" data-element_type=\"widget\" data-e-type=\"widget\" data-widget_type=\"text-editor.default\">\n\t\t\t\t\t\t\t\t\t<p data-path-to-node=\"13\">Puede realizar comunicaciones sobre requisitos de accesibilidad (art\u00edculo 10.2.a del RD 1112\/2018) como, por ejemplo:<\/p><ul data-path-to-node=\"14\"><li><p data-path-to-node=\"14,0,0\">Informar sobre cualquier posible incumplimiento por parte de este sitio web.<\/p><\/li><li><p data-path-to-node=\"14,1,0\">Transmitir otras dificultades de acceso al contenido.<\/p><\/li><li><p data-path-to-node=\"14,2,0\">Formular cualquier otra consulta o sugerencia de mejora relativa a la accesibilidad del sitio web.<\/p><\/li><\/ul><p data-path-to-node=\"15\">Para ello, puede contactar con nosotros a trav\u00e9s de los siguientes canales:<\/p><ul data-path-to-node=\"16\"><li><p data-path-to-node=\"16,0,0\"><b data-path-to-node=\"16,0,0\" data-index-in-node=\"0\">Correo electr\u00f3nico:<\/b> info@pipo.com<\/p><\/li><li><p data-path-to-node=\"16,1,0\"><b data-path-to-node=\"16,1,0\" data-index-in-node=\"0\">Tel\u00e9fono:<\/b> 800-2345-6789<\/p><\/li><\/ul><p data-path-to-node=\"17\">Nuestro equipo revisar\u00e1 su solicitud y contactar\u00e1 con usted para ofrecerle una soluci\u00f3n.<\/p>\t\t\t\t\t\t\t\t<\/div>\n\t\t\t\t\t<\/div>\n\t\t\t\t<\/div>\n\t\t<div class=\"elementor-element elementor-element-35af601 e-flex e-con-boxed e-con e-parent\" data-id=\"35af601\" data-element_type=\"container\" data-e-type=\"container\" data-settings=\"{&quot;background_background&quot;:&quot;classic&quot;}\">\n\t\t\t\t\t<div class=\"e-con-inner\">\n\t\t\t\t<div class=\"elementor-element elementor-element-be62c5e elementor-widget elementor-widget-heading\" data-id=\"be62c5e\" data-element_type=\"widget\" data-e-type=\"widget\" data-widget_type=\"heading.default\">\n\t\t\t\t\t<h3 class=\"elementor-heading-title elementor-size-default\">\u00bfListo para comenzar tu proyecto?<\/h3>\t\t\t\t<\/div>\n\t\t\t\t<div class=\"elementor-element elementor-element-7d6af9e elementor-align-right elementor-mobile-align-center elementor-widget elementor-widget-button\" data-id=\"7d6af9e\" data-element_type=\"widget\" data-e-type=\"widget\" data-widget_type=\"button.default\">\n\t\t\t\t\t\t\t\t\t\t<a class=\"elementor-button elementor-button-link elementor-size-md\" href=\"https:\/\/beatodigital.es\/fontaneria\/index.php\/contacto\/\">\n\t\t\t\t\t\t<span class=\"elementor-button-content-wrapper\">\n\t\t\t\t\t\t\t\t\t<span class=\"elementor-button-text\">Pedir Presupuesto R\u00e1pido<\/span>\n\t\t\t\t\t<\/span>\n\t\t\t\t\t<\/a>\n\t\t\t\t\t\t\t\t<\/div>\n\t\t\t\t\t<\/div>\n\t\t\t\t<\/div>\n\t\t\t\t<\/div>\n\t\t","protected":false},"excerpt":{"rendered":"<p>1. Compromiso de Accesibilidad Fontaner\u00eda en Ibi se compromete a hacer accesible su sitio web de conformidad con la normativa vigente en materia de accesibilidad y a seguir las Pautas de Accesibilidad para el Contenido Web (WCAG 2.1). Nuestro objetivo es garantizar que todas las personas, independientemente de sus capacidades f\u00edsicas, sensoriales o intelectuales, y [&hellip;]<\/p>\n","protected":false},"author":1,"featured_media":0,"parent":0,"menu_order":0,"comment_status":"closed","ping_status":"closed","template":"elementor_header_footer","meta":{"footnotes":""},"class_list":["post-107","page","type-page","status-publish","hentry"],"_links":{"self":[{"href":"https:\/\/beatodigital.es\/fontaneria\/index.php\/wp-json\/wp\/v2\/pages\/107","targetHints":{"allow":["GET"]}}],"collection":[{"href":"https:\/\/beatodigital.es\/fontaneria\/index.php\/wp-json\/wp\/v2\/pages"}],"about":[{"href":"https:\/\/beatodigital.es\/fontaneria\/index.php\/wp-json\/wp\/v2\/types\/page"}],"author":[{"embeddable":true,"href":"https:\/\/beatodigital.es\/fontaneria\/index.php\/wp-json\/wp\/v2\/users\/1"}],"replies":[{"embeddable":true,"href":"https:\/\/beatodigital.es\/fontaneria\/index.php\/wp-json\/wp\/v2\/comments?post=107"}],"version-history":[{"count":13,"href":"https:\/\/beatodigital.es\/fontaneria\/index.php\/wp-json\/wp\/v2\/pages\/107\/revisions"}],"predecessor-version":[{"id":676,"href":"https:\/\/beatodigital.es\/fontaneria\/index.php\/wp-json\/wp\/v2\/pages\/107\/revisions\/676"}],"wp:attachment":[{"href":"https:\/\/beatodigital.es\/fontaneria\/index.php\/wp-json\/wp\/v2\/media?parent=107"}],"curies":[{"name":"wp","href":"https:\/\/api.w.org\/{rel}","templated":true}]}}