{"id":104,"date":"2026-01-20T20:20:33","date_gmt":"2026-01-20T20:20:33","guid":{"rendered":"https:\/\/beatodigital.es\/fontaneria\/?page_id=104"},"modified":"2026-01-21T17:24:25","modified_gmt":"2026-01-21T17:24:25","slug":"politicas-de-privacidad","status":"publish","type":"page","link":"https:\/\/beatodigital.es\/fontaneria\/index.php\/politicas-de-privacidad\/","title":{"rendered":"Pol\u00edticas de privacidad"},"content":{"rendered":"\t\t<div data-elementor-type=\"wp-page\" data-elementor-id=\"104\" class=\"elementor elementor-104\" data-elementor-post-type=\"page\">\n\t\t\t\t<div class=\"elementor-element elementor-element-418735d e-flex e-con-boxed e-con e-parent\" data-id=\"418735d\" data-element_type=\"container\" data-e-type=\"container\">\n\t\t\t\t\t<div class=\"e-con-inner\">\n\t\t\t\t\t<\/div>\n\t\t\t\t<\/div>\n\t\t<div class=\"elementor-element elementor-element-bdc497b e-flex e-con-boxed e-con e-parent\" data-id=\"bdc497b\" data-element_type=\"container\" data-e-type=\"container\">\n\t\t\t\t\t<div class=\"e-con-inner\">\n\t\t\t\t<div class=\"elementor-element elementor-element-5dd5636 elementor-widget elementor-widget-heading\" data-id=\"5dd5636\" data-element_type=\"widget\" data-e-type=\"widget\" data-widget_type=\"heading.default\">\n\t\t\t\t\t<h5 class=\"elementor-heading-title elementor-size-default\">1. Responsable del Tratamiento<\/h5>\t\t\t\t<\/div>\n\t\t\t\t\t<\/div>\n\t\t\t\t<\/div>\n\t\t<div class=\"elementor-element elementor-element-d8d70da e-flex e-con-boxed e-con e-parent\" data-id=\"d8d70da\" data-element_type=\"container\" data-e-type=\"container\">\n\t\t\t\t\t<div class=\"e-con-inner\">\n\t\t\t\t<div class=\"elementor-element elementor-element-212e386 elementor-widget elementor-widget-text-editor\" data-id=\"212e386\" data-element_type=\"widget\" data-e-type=\"widget\" data-widget_type=\"text-editor.default\">\n\t\t\t\t\t\t\t\t\t<p data-path-to-node=\"5\">\u00a0\u00bfQui\u00e9n es el responsable de sus datos?<\/p><ul data-path-to-node=\"6\"><li><p data-path-to-node=\"6,0,0\"><b data-path-to-node=\"6,0,0\" data-index-in-node=\"0\">Identidad:\u00a0<\/b> Fontaner\u00eda en Ibi.<\/p><\/li><li><p data-path-to-node=\"6,1,0\"><b data-path-to-node=\"6,1,0\" data-index-in-node=\"0\">CIF\/NIF:<\/b> ______________<\/p><\/li><li><p data-path-to-node=\"6,2,0\"><b data-path-to-node=\"6,2,0\" data-index-in-node=\"0\">Direcci\u00f3n Postal:<\/b> _________, Ibi (Alicante).<\/p><\/li><li><p data-path-to-node=\"6,3,0\"><b data-path-to-node=\"6,3,0\" data-index-in-node=\"0\">Tel\u00e9fono:<\/b> 800-2345-6789\u200b<\/p><\/li><li><p data-path-to-node=\"6,4,0\"><b data-path-to-node=\"6,4,0\" data-index-in-node=\"0\">Correo Electr\u00f3nico:<\/b> info@pipo.com\u200b\u200b<\/p><\/li><\/ul>\t\t\t\t\t\t\t\t<\/div>\n\t\t\t\t\t<\/div>\n\t\t\t\t<\/div>\n\t\t<div class=\"elementor-element elementor-element-084df20 e-flex e-con-boxed e-con e-parent\" data-id=\"084df20\" data-element_type=\"container\" data-e-type=\"container\">\n\t\t\t\t\t<div class=\"e-con-inner\">\n\t\t\t\t<div class=\"elementor-element elementor-element-efd8dc3 elementor-widget elementor-widget-heading\" data-id=\"efd8dc3\" data-element_type=\"widget\" data-e-type=\"widget\" data-widget_type=\"heading.default\">\n\t\t\t\t\t<h5 class=\"elementor-heading-title elementor-size-default\">2. Finalidad del tratamiento<\/h5>\t\t\t\t<\/div>\n\t\t\t\t\t<\/div>\n\t\t\t\t<\/div>\n\t\t<div class=\"elementor-element elementor-element-ba27555 e-flex e-con-boxed e-con e-parent\" data-id=\"ba27555\" data-element_type=\"container\" data-e-type=\"container\">\n\t\t\t\t\t<div class=\"e-con-inner\">\n\t\t\t\t<div class=\"elementor-element elementor-element-7dc4bdc elementor-widget elementor-widget-text-editor\" data-id=\"7dc4bdc\" data-element_type=\"widget\" data-e-type=\"widget\" data-widget_type=\"text-editor.default\">\n\t\t\t\t\t\t\t\t\t<p data-path-to-node=\"7\">\u00bfCon qu\u00e9 finalidad tratamos sus datos personales? En Fontaner\u00eda en Ibi. tratamos la informaci\u00f3n que nos facilitan las personas interesadas con el fin de:<\/p><ul data-path-to-node=\"8\"><li><p data-path-to-node=\"8,0,0\">Gestionar y responder a las consultas realizadas a trav\u00e9s de los formularios de contacto o v\u00eda email.<\/p><\/li><li><p data-path-to-node=\"8,1,0\">Prestar los servicios de fontaner\u00eda, instalaci\u00f3n y mantenimiento solicitados.<\/p><\/li><li><p data-path-to-node=\"8,2,0\">Realizar la gesti\u00f3n administrativa, contable y fiscal de los servicios prestados.<\/p><\/li><\/ul>\t\t\t\t\t\t\t\t<\/div>\n\t\t\t\t\t<\/div>\n\t\t\t\t<\/div>\n\t\t<div class=\"elementor-element elementor-element-1e888d9 e-flex e-con-boxed e-con e-parent\" data-id=\"1e888d9\" data-element_type=\"container\" data-e-type=\"container\">\n\t\t\t\t\t<div class=\"e-con-inner\">\n\t\t\t\t<div class=\"elementor-element elementor-element-382a6f9 elementor-widget elementor-widget-heading\" data-id=\"382a6f9\" data-element_type=\"widget\" data-e-type=\"widget\" data-widget_type=\"heading.default\">\n\t\t\t\t\t<h5 class=\"elementor-heading-title elementor-size-default\">3. Legitimaci\u00f3n<\/h5>\t\t\t\t<\/div>\n\t\t\t\t\t<\/div>\n\t\t\t\t<\/div>\n\t\t<div class=\"elementor-element elementor-element-5163370 e-flex e-con-boxed e-con e-parent\" data-id=\"5163370\" data-element_type=\"container\" data-e-type=\"container\">\n\t\t\t\t\t<div class=\"e-con-inner\">\n\t\t\t\t<div class=\"elementor-element elementor-element-66b9404 elementor-widget elementor-widget-text-editor\" data-id=\"66b9404\" data-element_type=\"widget\" data-e-type=\"widget\" data-widget_type=\"text-editor.default\">\n\t\t\t\t\t\t\t\t\t<p data-path-to-node=\"9\">\u00bfCu\u00e1l es la legitimaci\u00f3n para el tratamiento de sus datos? La base legal para el tratamiento de sus datos es:<\/p><ul data-path-to-node=\"10\"><li><p data-path-to-node=\"10,0,0\"><b data-path-to-node=\"10,0,0\" data-index-in-node=\"0\">El consentimiento del interesado:<\/b> Al enviar el formulario de contacto, el usuario acepta expresamente esta pol\u00edtica de privacidad.<\/p><\/li><li><p data-path-to-node=\"10,1,0\"><b data-path-to-node=\"10,1,0\" data-index-in-node=\"0\">La ejecuci\u00f3n de un contrato:<\/b> En caso de contratar nuestros servicios de fontaner\u00eda.<\/p><\/li><\/ul>\t\t\t\t\t\t\t\t<\/div>\n\t\t\t\t\t<\/div>\n\t\t\t\t<\/div>\n\t\t<div class=\"elementor-element elementor-element-25922c4 e-flex e-con-boxed e-con e-parent\" data-id=\"25922c4\" data-element_type=\"container\" data-e-type=\"container\">\n\t\t\t\t\t<div class=\"e-con-inner\">\n\t\t\t\t<div class=\"elementor-element elementor-element-ef36cf2 elementor-widget elementor-widget-heading\" data-id=\"ef36cf2\" data-element_type=\"widget\" data-e-type=\"widget\" data-widget_type=\"heading.default\">\n\t\t\t\t\t<h5 class=\"elementor-heading-title elementor-size-default\">4. Destinatarios<\/h5>\t\t\t\t<\/div>\n\t\t\t\t\t<\/div>\n\t\t\t\t<\/div>\n\t\t<div class=\"elementor-element elementor-element-412015e e-flex e-con-boxed e-con e-parent\" data-id=\"412015e\" data-element_type=\"container\" data-e-type=\"container\">\n\t\t\t\t\t<div class=\"e-con-inner\">\n\t\t\t\t<div class=\"elementor-element elementor-element-bee44b8 elementor-widget elementor-widget-text-editor\" data-id=\"bee44b8\" data-element_type=\"widget\" data-e-type=\"widget\" data-widget_type=\"text-editor.default\">\n\t\t\t\t\t\t\t\t\t<p data-path-to-node=\"5\">\u00bfA qu\u00e9 destinatarios se comunicar\u00e1n sus datos? <br \/><br \/>Los datos no se comunicar\u00e1n a terceros salvo obligaci\u00f3n legal (por ejemplo, a la Agencia Tributaria para la facturaci\u00f3n) o a proveedores necesarios para el funcionamiento de la web (como la empresa de hosting), quienes se comprometen al cumplimiento normativo.<\/p>\t\t\t\t\t\t\t\t<\/div>\n\t\t\t\t\t<\/div>\n\t\t\t\t<\/div>\n\t\t<div class=\"elementor-element elementor-element-92e9036 e-flex e-con-boxed e-con e-parent\" data-id=\"92e9036\" data-element_type=\"container\" data-e-type=\"container\">\n\t\t\t\t\t<div class=\"e-con-inner\">\n\t\t\t\t<div class=\"elementor-element elementor-element-fe9b8cb elementor-widget elementor-widget-heading\" data-id=\"fe9b8cb\" data-element_type=\"widget\" data-e-type=\"widget\" data-widget_type=\"heading.default\">\n\t\t\t\t\t<h5 class=\"elementor-heading-title elementor-size-default\">5. Derechos<\/h5>\t\t\t\t<\/div>\n\t\t\t\t\t<\/div>\n\t\t\t\t<\/div>\n\t\t<div class=\"elementor-element elementor-element-b19810f e-flex e-con-boxed e-con e-parent\" data-id=\"b19810f\" data-element_type=\"container\" data-e-type=\"container\">\n\t\t\t\t\t<div class=\"e-con-inner\">\n\t\t\t\t<div class=\"elementor-element elementor-element-8c547a5 elementor-widget elementor-widget-text-editor\" data-id=\"8c547a5\" data-element_type=\"widget\" data-e-type=\"widget\" data-widget_type=\"text-editor.default\">\n\t\t\t\t\t\t\t\t\t<p data-path-to-node=\"6,4,0\">\u00a0\u00a0\u00bfCu\u00e1les son sus derechos cuando nos facilita sus datos? Cualquier persona tiene derecho a obtener confirmaci\u00f3n sobre si en Fontaner\u00eda en Ibi. estamos tratando datos personales que les conciernan. Las personas interesadas tienen derecho a:<\/p><ul data-path-to-node=\"13\"><li><p data-path-to-node=\"13,0,0\">Acceder a sus datos personales.<\/p><\/li><li><p data-path-to-node=\"13,1,0\">Solicitar la rectificaci\u00f3n de los datos inexactos.<\/p><\/li><li><p data-path-to-node=\"13,2,0\">Solicitar su supresi\u00f3n cuando, entre otros motivos, los datos ya no sean necesarios para los fines que fueron recogidos.<\/p><\/li><li><p data-path-to-node=\"13,3,0\">Oponerse al tratamiento de sus datos.<\/p><\/li><\/ul><p data-path-to-node=\"14\">Para ejercer estos derechos, puede enviar un correo electr\u00f3nico a info@pipo.com\u200b\u00a0adjuntando una copia de su DNI.<\/p>\t\t\t\t\t\t\t\t<\/div>\n\t\t\t\t\t<\/div>\n\t\t\t\t<\/div>\n\t\t<div class=\"elementor-element elementor-element-5304a69 e-flex e-con-boxed e-con e-parent\" data-id=\"5304a69\" data-element_type=\"container\" data-e-type=\"container\">\n\t\t\t\t\t<div class=\"e-con-inner\">\n\t\t\t\t<div class=\"elementor-element elementor-element-f31ca04 elementor-widget elementor-widget-heading\" data-id=\"f31ca04\" data-element_type=\"widget\" data-e-type=\"widget\" data-widget_type=\"heading.default\">\n\t\t\t\t\t<h5 class=\"elementor-heading-title elementor-size-default\">6. Seguridad de los datos<\/h5>\t\t\t\t<\/div>\n\t\t\t\t\t<\/div>\n\t\t\t\t<\/div>\n\t\t<div class=\"elementor-element elementor-element-18eb751 e-flex e-con-boxed e-con e-parent\" data-id=\"18eb751\" data-element_type=\"container\" data-e-type=\"container\">\n\t\t\t\t\t<div class=\"e-con-inner\">\n\t\t\t\t<div class=\"elementor-element elementor-element-751eba1 elementor-widget elementor-widget-text-editor\" data-id=\"751eba1\" data-element_type=\"widget\" data-e-type=\"widget\" data-widget_type=\"text-editor.default\">\n\t\t\t\t\t\t\t\t\t<p data-path-to-node=\"6,4,0\">\u00a0Hemos adoptado las medidas de seguridad t\u00e9cnicas y organizativas necesarias para garantizar la seguridad de sus datos personales y evitar su alteraci\u00f3n, p\u00e9rdida y tratamiento y\/o acceso no autorizado.<\/p>\t\t\t\t\t\t\t\t<\/div>\n\t\t\t\t\t<\/div>\n\t\t\t\t<\/div>\n\t\t\t\t<\/div>\n\t\t","protected":false},"excerpt":{"rendered":"<p>1. Responsable del Tratamiento \u00a0\u00bfQui\u00e9n es el responsable de sus datos? Identidad:\u00a0 Fontaner\u00eda en Ibi. CIF\/NIF: ______________ Direcci\u00f3n Postal: _________, Ibi (Alicante). Tel\u00e9fono: 800-2345-6789\u200b Correo Electr\u00f3nico: info@pipo.com\u200b\u200b 2. Finalidad del tratamiento \u00bfCon qu\u00e9 finalidad tratamos sus datos personales? En Fontaner\u00eda en Ibi. tratamos la informaci\u00f3n que nos facilitan las personas interesadas con el fin de: [&hellip;]<\/p>\n","protected":false},"author":1,"featured_media":0,"parent":0,"menu_order":0,"comment_status":"closed","ping_status":"closed","template":"elementor_header_footer","meta":{"footnotes":""},"class_list":["post-104","page","type-page","status-publish","hentry"],"_links":{"self":[{"href":"https:\/\/beatodigital.es\/fontaneria\/index.php\/wp-json\/wp\/v2\/pages\/104","targetHints":{"allow":["GET"]}}],"collection":[{"href":"https:\/\/beatodigital.es\/fontaneria\/index.php\/wp-json\/wp\/v2\/pages"}],"about":[{"href":"https:\/\/beatodigital.es\/fontaneria\/index.php\/wp-json\/wp\/v2\/types\/page"}],"author":[{"embeddable":true,"href":"https:\/\/beatodigital.es\/fontaneria\/index.php\/wp-json\/wp\/v2\/users\/1"}],"replies":[{"embeddable":true,"href":"https:\/\/beatodigital.es\/fontaneria\/index.php\/wp-json\/wp\/v2\/comments?post=104"}],"version-history":[{"count":7,"href":"https:\/\/beatodigital.es\/fontaneria\/index.php\/wp-json\/wp\/v2\/pages\/104\/revisions"}],"predecessor-version":[{"id":309,"href":"https:\/\/beatodigital.es\/fontaneria\/index.php\/wp-json\/wp\/v2\/pages\/104\/revisions\/309"}],"wp:attachment":[{"href":"https:\/\/beatodigital.es\/fontaneria\/index.php\/wp-json\/wp\/v2\/media?parent=104"}],"curies":[{"name":"wp","href":"https:\/\/api.w.org\/{rel}","templated":true}]}}